{"id":6334,"date":"2020-04-01T11:21:20","date_gmt":"2020-04-01T11:22:37","guid":{"rendered":"https:\/\/evotek.md\/?post_type=product&#038;p=6334"},"modified":"2023-03-02T13:20:30","modified_gmt":"2023-03-02T13:20:30","slug":"ferestrau-pentru-carne-mec-so-1830","status":"publish","type":"product","link":"https:\/\/evotek.md\/ro\/produse\/echipamente-electromecanice\/ferestrau-de-carne-gastronomic\/ferestrau-pentru-carne-mec-so-1830\/","title":{"rendered":"FIERASTRAU ELECTRIC PENTRU CARNE SI OASE -MEC SO 1830"},"content":{"rendered":"<p><strong>FIERASTRAU ELECTRIC PENTRU CARNE SI OASE -MEC SO 1830- <\/strong>Acest fer\u0103str\u0103u cu band\u0103 este necesar pentru t\u0103ierea \u00een buc\u0103\u021bi toate tipurile de carne, pe\u0219te \u0219i p\u0103s\u0103ri de curte. \u00cen compara\u021bie cu t\u0103ierea c\u0103rnii folosind un topor, prelucrarea c\u0103rnii cu ferestreul este semnificativ mai convenabil\u0103, mai simpl\u0103 \u0219i mai sigur\u0103. Fer\u0103str\u0103ul ofer\u0103 o t\u0103ietur\u0103 de carne de calitate, f\u0103r\u0103 a l\u0103sa firimituri din oase.<\/p>\n<p>Caracteristici<\/p>\n<p>Putere: kW 1,1 &#8211; HP 1<\/p>\n<p>Greutate: 36 kg<\/p>\n<p>Dimensiuni: 530x420x910 mm<\/p>\n<p>Lungimea lamei: 1850 mm<\/p>\n<p>\u00cen\u0103l\u021bimea maxim\u0103 de t\u0103iere: 320 mm<\/p>\n<p>\u00cen\u0103l\u021bimea util\u0103 de t\u0103iere: 225 mm<\/p>\n<p>L\u0103\u021bime de t\u0103iere: 200 mm<\/p>\n<p>Suprafa\u021ba de lucru: 410&#215;410 mm<\/p>\n<p>&nbsp;<\/p>\n","protected":false},"excerpt":{"rendered":"<p>Fierastrau pentru carne. Putere: kW 1,1 &#8211; HP 1; Greutate: 36 kg; Dimensiuni: 530x420x910 mm; Lungimea lamei: 1850 mm; \u00cen\u0103l\u021bimea maxim\u0103 de t\u0103iere: 320 mm; \u00cen\u0103l\u021bimea util\u0103 de t\u0103iere: 225 mm; L\u0103\u021bime de t\u0103iere: 200 mm; Suprafa\u021ba de lucru: 410&#215;410 mm.<\/p>\n","protected":false},"featured_media":6333,"template":"","meta":[],"_links":{"self":[{"href":"https:\/\/evotek.md\/ro\/wp-json\/wp\/v2\/product\/6334"}],"collection":[{"href":"https:\/\/evotek.md\/ro\/wp-json\/wp\/v2\/product"}],"about":[{"href":"https:\/\/evotek.md\/ro\/wp-json\/wp\/v2\/types\/product"}],"wp:featuredmedia":[{"embeddable":true,"href":"https:\/\/evotek.md\/ro\/wp-json\/wp\/v2\/media\/6333"}],"wp:attachment":[{"href":"https:\/\/evotek.md\/ro\/wp-json\/wp\/v2\/media?parent=6334"}],"curies":[{"name":"wp","href":"https:\/\/api.w.org\/{rel}","templated":true}]}}