{"id":6324,"date":"2020-04-01T10:55:36","date_gmt":"2020-04-01T11:00:16","guid":{"rendered":"https:\/\/evotek.md\/?post_type=product&#038;p=6324"},"modified":"2023-04-25T07:47:40","modified_gmt":"2023-04-25T07:47:40","slug":"mec-mb1inox","status":"publish","type":"product","link":"https:\/\/evotek.md\/ro\/produse\/echipamente-pentru-bar-si-cafea\/mixer-lactate\/mec-mb1inox\/","title":{"rendered":"MIXER PENTRU LACTATE ORDINAR (MILKSHAKER)  -MEC-MB1INOX"},"content":{"rendered":"<p><strong>MIXER PENTRU LACTATE ORDINAR (MILKSHAKER) -MEC-MB1INOX-<\/strong> Conceput pentru a face shake-uri, mousse-uri, cocktail-uri pe baz\u0103 de lapte, iaurt sau \u00eenghe\u021bat\u0103. Acest echipament este utilizat pe scar\u0103 larg\u0103 \u00een baruri, cafenele \u0219i alte unit\u0103\u021bi de alimenta\u021bie public\u0103.<\/p>\n<p>Caracteristici<\/p>\n<p>Consumul nominal de energie: 0,15 kW<\/p>\n<p>Tensiune nominal\u0103: 1 faz\u0103, 220 V<\/p>\n<p>RPM motor: 15000<\/p>\n<p>Dimensiuni: 175x180x480 mm<\/p>\n<p>Greutate: 3 kg<\/p>\n<p>Numar pahare: 1 pahar<\/p>\n<p>Capacitatea paharului: 1,00 litri<\/p>\n<p>Produc\u0103tor: Italia<\/p>\n<p>&nbsp;<\/p>\n<p>&nbsp;<\/p>\n","protected":false},"excerpt":{"rendered":"<p>Mixer pentru lactate cu un pahar. Consumul nominal de energie: 0,15 kW; Tensiune nominal\u0103: 1 faz\u0103, 220 V; RPM motor: 15000; Dimensiuni: 175x180x480 mm; Greutate: 3 kg; Numar pahare: 1 pahar; Capacitatea paharului: 1,00 litri; Produc\u0103tor: Italia.<\/p>\n","protected":false},"featured_media":6323,"template":"","meta":[],"_links":{"self":[{"href":"https:\/\/evotek.md\/ro\/wp-json\/wp\/v2\/product\/6324"}],"collection":[{"href":"https:\/\/evotek.md\/ro\/wp-json\/wp\/v2\/product"}],"about":[{"href":"https:\/\/evotek.md\/ro\/wp-json\/wp\/v2\/types\/product"}],"wp:featuredmedia":[{"embeddable":true,"href":"https:\/\/evotek.md\/ro\/wp-json\/wp\/v2\/media\/6323"}],"wp:attachment":[{"href":"https:\/\/evotek.md\/ro\/wp-json\/wp\/v2\/media?parent=6324"}],"curies":[{"name":"wp","href":"https:\/\/api.w.org\/{rel}","templated":true}]}}