{"id":6314,"date":"2020-04-01T10:37:38","date_gmt":"2020-04-01T10:37:38","guid":{"rendered":"https:\/\/evotek.md\/?post_type=product&#038;p=6314"},"modified":"2020-04-01T10:37:38","modified_gmt":"2020-04-01T10:37:38","slug":"mixer-mec-pb-1p","status":"publish","type":"product","link":"https:\/\/evotek.md\/ro\/produse\/echipamente-pentru-bar-si-cafea\/mixere\/mixer-mec-pb-1p\/","title":{"rendered":"MIXER -MEC PB 1P"},"content":{"rendered":"<p><strong>MIXER<\/strong> <strong>-MEC PB 1P- <\/strong>Structura din aliaj de aluminiu \u0219i inox, putere a motorului de 500 W cu comutator cu dou\u0103 viteze pentru a optimiza zdrobirea ghe\u021bii, oprire automat\u0103 conform standardelor UE atunci c\u00e2nd capacul este scos din sticl\u0103. Suport de lam\u0103 din inox.<\/p>\n<p>Caracteristici<\/p>\n<p>Consumul de putere nominal: 0,5 kW<\/p>\n<p>Tensiune nominal\u0103: 1 faz\u0103, 220 V<\/p>\n<p>RPM motor: 22000<\/p>\n<p>Dimensiuni: 240x260x540 mm<\/p>\n<p>Greutate: 6,5 kg<\/p>\n<p>\u021aara de origine: Italia<\/p>\n<p>&nbsp;<\/p>\n<p>&nbsp;<\/p>\n","protected":false},"excerpt":{"rendered":"<p>Mixer cu comutator cu dou\u0103 viteze. Consumul de putere nominal: 0,5 kW; Tensiune nominal\u0103: 1 faz\u0103, 220 V; RPM motor: 22000; Dimensiuni: 240x260x540 mm; Greutate: 6,5 kg; \u021aara de origine: Italia.<\/p>\n","protected":false},"featured_media":6313,"template":"","meta":[],"_links":{"self":[{"href":"https:\/\/evotek.md\/ro\/wp-json\/wp\/v2\/product\/6314"}],"collection":[{"href":"https:\/\/evotek.md\/ro\/wp-json\/wp\/v2\/product"}],"about":[{"href":"https:\/\/evotek.md\/ro\/wp-json\/wp\/v2\/types\/product"}],"wp:featuredmedia":[{"embeddable":true,"href":"https:\/\/evotek.md\/ro\/wp-json\/wp\/v2\/media\/6313"}],"wp:attachment":[{"href":"https:\/\/evotek.md\/ro\/wp-json\/wp\/v2\/media?parent=6314"}],"curies":[{"name":"wp","href":"https:\/\/api.w.org\/{rel}","templated":true}]}}