{"id":6307,"date":"2020-04-01T09:57:52","date_gmt":"2020-04-01T09:57:52","guid":{"rendered":"https:\/\/evotek.md\/?post_type=product&#038;p=6307"},"modified":"2020-04-01T09:57:52","modified_gmt":"2020-04-01T09:57:52","slug":"masina-de-lustruit-pahare-emp-bpr-002","status":"publish","type":"product","link":"https:\/\/evotek.md\/ro\/produse\/utilaje-pentru-spalare-vase\/masina-de-lustruit-pahare\/masina-de-lustruit-pahare-emp-bpr-002\/","title":{"rendered":"MA\u0218IN\u0102 DE LUSTRUIT PAHARE -EMP.BPR.002"},"content":{"rendered":"<p><strong>MA\u0218IN\u0102 DE LUSTRUIT PAHARE<\/strong> <strong>-EMP.BPR.002- <\/strong>este o tehnic\u0103 profesional\u0103 pentru lustruirea paharelor, folosit\u0103 \u00een unit\u0103\u021bile de alimenta\u021bie public\u0103. Cu ea, pute\u021bi lustrui aproximativ 360 de pahare pe or\u0103.<\/p>\n<p>Caracteristici<\/p>\n<p>Parametri: 360x340x510 mm<\/p>\n<p>Greutate: 19,5 kg<\/p>\n<p>Puterea motorului: 0,37 kW, 220 V \/ 50-60 Hz<\/p>\n<p>Puterea echipamentului: 1.49 kW<\/p>\n<p>Capacitate de pahare pe or\u0103: 300-360 buc<\/p>\n<p>Rulouri pentru lustruire: 5 buc.<\/p>\n<p>Conducte de aer cald pentru uscare<\/p>\n<p>Carcas\u0103 din inox<\/p>\n<p>&nbsp;<\/p>\n","protected":false},"excerpt":{"rendered":"<p>Ma\u0219in\u0103 de lustruit pahare cu o capacitate de aproximativ 360 de pahare pe or\u0103. Parametri: 360x340x510 mm; Greutate: 19,5 kg; Puterea motorului: 0,37 kW, 220 V \/ 50-60 Hz; Puterea echipamentului: 1.49 kW; Capacitate de pahare pe or\u0103: 300-360 buc; Rulouri pentru lustruire: 5 buc; Conducte de aer cald pentru uscare; Carcas\u0103 din inox.<\/p>\n","protected":false},"featured_media":6306,"template":"","meta":[],"_links":{"self":[{"href":"https:\/\/evotek.md\/ro\/wp-json\/wp\/v2\/product\/6307"}],"collection":[{"href":"https:\/\/evotek.md\/ro\/wp-json\/wp\/v2\/product"}],"about":[{"href":"https:\/\/evotek.md\/ro\/wp-json\/wp\/v2\/types\/product"}],"wp:featuredmedia":[{"embeddable":true,"href":"https:\/\/evotek.md\/ro\/wp-json\/wp\/v2\/media\/6306"}],"wp:attachment":[{"href":"https:\/\/evotek.md\/ro\/wp-json\/wp\/v2\/media?parent=6307"}],"curies":[{"name":"wp","href":"https:\/\/api.w.org\/{rel}","templated":true}]}}