{"id":6302,"date":"2020-04-01T09:49:51","date_gmt":"2020-04-01T09:49:51","guid":{"rendered":"https:\/\/evotek.md\/?post_type=product&#038;p=6302"},"modified":"2020-04-01T09:49:51","modified_gmt":"2020-04-01T09:49:51","slug":"masina-de-lustruit-pahare-emp-bpr-001","status":"publish","type":"product","link":"https:\/\/evotek.md\/ro\/produse\/utilaje-pentru-spalare-vase\/masina-de-lustruit-pahare\/masina-de-lustruit-pahare-emp-bpr-001\/","title":{"rendered":"MA\u0218IN\u0102 DE LUSTRUIT PAHARE -EMP.BPR.001"},"content":{"rendered":"<p><strong>MA\u0218IN\u0102 DE LUSTRUIT PAHARE<\/strong> <strong>-EMP.BPR.001- <\/strong>este o tehnic\u0103 profesional\u0103 pentru lustruirea paharelor, folosit\u0103 \u00een unit\u0103\u021bile de alimenta\u021bie public\u0103. Cu ea, pute\u021bi lustrui aproximativ 700 de pahare pe or\u0103.<\/p>\n<p>Caracteristici<\/p>\n<p>Parametri: 595x322x510 mm<\/p>\n<p>Greutate: 27<\/p>\n<p>Puterea motorului: 0,37 kW, 220 V \/ 50-60 Hz<\/p>\n<p>Puterea echipamentului: 2,62 kW<\/p>\n<p>Capacitate de pahare pe or\u0103: 600-720 buc<\/p>\n<p>Rulouri pentru lustruire: 8 buc.<\/p>\n<p>Conducte de aer cald pentru uscare<\/p>\n<p>Carcas\u0103 din inox<\/p>\n<p>Ma\u0219in\u0103 de lustruit pahare cu o capacitate de aproximativ 700 de pahare pe or\u0103. Parametri: 595x322x510 mm; Greutate: 27; Puterea motorului: 0,37 kW, 220 V \/ 50-60 Hz; Puterea echipamentului: 2,62 kW; Capacitate de pahare pe or\u0103: 600-720 buc; Rulouri pentru lustruire: 8 buc; Conducte de aer cald pentru uscare; Carcas\u0103 din inox.<\/p>\n","protected":false},"excerpt":{"rendered":"<p>Ma\u0219in\u0103 de lustruit pahare cu o capacitate de aproximativ 700 de pahare pe or\u0103. Parametri: 595x322x510 mm; Greutate: 27; Puterea motorului: 0,37 kW, 220 V \/ 50-60 Hz; Puterea echipamentului: 2,62 kW; Capacitate de pahare pe or\u0103: 600-720 buc; Rulouri pentru lustruire: 8 buc; Conducte de aer cald pentru uscare; Carcas\u0103 din inox.<\/p>\n","protected":false},"featured_media":6301,"template":"","meta":[],"_links":{"self":[{"href":"https:\/\/evotek.md\/ro\/wp-json\/wp\/v2\/product\/6302"}],"collection":[{"href":"https:\/\/evotek.md\/ro\/wp-json\/wp\/v2\/product"}],"about":[{"href":"https:\/\/evotek.md\/ro\/wp-json\/wp\/v2\/types\/product"}],"wp:featuredmedia":[{"embeddable":true,"href":"https:\/\/evotek.md\/ro\/wp-json\/wp\/v2\/media\/6301"}],"wp:attachment":[{"href":"https:\/\/evotek.md\/ro\/wp-json\/wp\/v2\/media?parent=6302"}],"curies":[{"name":"wp","href":"https:\/\/api.w.org\/{rel}","templated":true}]}}