{"id":6294,"date":"2020-04-01T09:12:30","date_gmt":"2020-04-01T09:13:34","guid":{"rendered":"https:\/\/evotek.md\/?post_type=product&#038;p=6294"},"modified":"2023-03-02T13:17:32","modified_gmt":"2023-03-02T13:17:32","slug":"ferestrau-pentru-carne-si-oase-emp-etk-01","status":"publish","type":"product","link":"https:\/\/evotek.md\/ro\/produse\/echipamente-electromecanice\/ferestrau-de-carne-gastronomic\/ferestrau-pentru-carne-si-oase-emp-etk-01\/","title":{"rendered":"FIERASTRAU ELECTRIC PENTRU CARNE SI OASE -EMP.ETK.01"},"content":{"rendered":"<p><strong>FIERASTRAU ELECTRIC PENTRU CARNE \u0218I OASE<\/strong> <strong>-EMP.ETK.01<\/strong>&#8211; Este necesar\u0103 \u00een locurile unde se vinde carne, se poate t\u0103ia cu u\u0219urin\u021b\u0103 carnea congelat\u0103 cu oase, produse semifabricate sau pe\u0219te \u00een buc\u0103\u021bi cu m\u0103rimi necesare.<\/p>\n<p>Caracteristici<\/p>\n<p>Dimensiuni: 480x545x900 mm<\/p>\n<p>900 rpm<\/p>\n<p>Lungimea lamei: 1800 mm<\/p>\n<p>\u00cen\u0103l\u021bimea de t\u0103iere: 290 mm<\/p>\n<p>Ad\u00e2ncimea de t\u0103iere: 195 mm<\/p>\n<p>Suprafa\u021ba de lucru: 380&#215;545 mm<\/p>\n<p>Oprire de urgenta.<\/p>\n<p>Blatul de lucru \u0219i lama din inox<\/p>\n<p>Greutate: 43 kg<\/p>\n<p>&nbsp;<\/p>\n","protected":false},"excerpt":{"rendered":"<p>Ferastrau pentru carne \u0219i oase cu 900 rpm. Dimensiuni: 480x545x900 mm; Lungimea lamei: 1800 mm; \u00cen\u0103l\u021bimea de t\u0103iere: 290 mm; Ad\u00e2ncimea de t\u0103iere: 195 mm; Suprafa\u021ba de lucru: 380&#215;545 mm; Oprire de urgenta.; Blatul de lucru \u0219i lama din inox; Greutate: 43 kg.<\/p>\n<p>&nbsp;<\/p>\n","protected":false},"featured_media":6293,"template":"","meta":[],"_links":{"self":[{"href":"https:\/\/evotek.md\/ro\/wp-json\/wp\/v2\/product\/6294"}],"collection":[{"href":"https:\/\/evotek.md\/ro\/wp-json\/wp\/v2\/product"}],"about":[{"href":"https:\/\/evotek.md\/ro\/wp-json\/wp\/v2\/types\/product"}],"wp:featuredmedia":[{"embeddable":true,"href":"https:\/\/evotek.md\/ro\/wp-json\/wp\/v2\/media\/6293"}],"wp:attachment":[{"href":"https:\/\/evotek.md\/ro\/wp-json\/wp\/v2\/media?parent=6294"}],"curies":[{"name":"wp","href":"https:\/\/api.w.org\/{rel}","templated":true}]}}