{"id":6288,"date":"2020-04-01T08:49:46","date_gmt":"2020-04-01T08:49:46","guid":{"rendered":"https:\/\/evotek.md\/?post_type=product&#038;p=6288"},"modified":"2020-04-01T08:49:46","modified_gmt":"2020-04-01T08:49:46","slug":"racitor-pentru-sucuri-ayran-emp-sy-19","status":"publish","type":"product","link":"https:\/\/evotek.md\/ro\/produse\/echipamente-pentru-bar-si-cafea\/racitor-de-sucuri\/racitor-pentru-sucuri-ayran-emp-sy-19\/","title":{"rendered":"R\u0102CITOR PENTRU SUCURI\/ AYRAN -EMP.SY.19"},"content":{"rendered":"<p><strong>R\u0102CITOR PENTRU SUCURI\/ AYRAN<\/strong> <strong>-EMP.SY.19- <\/strong>un r\u0103citor de sucuri care r\u0103ce\u0219te b\u0103utura uniform p\u00e2n\u0103 la ultima pic\u0103tur\u0103 cu un sistem de r\u0103cire de jos, cu partea de jos din inox.<\/p>\n<p>Caracteristici<\/p>\n<p>Dimensiuni: 320x400x400 mm<\/p>\n<p>Greutate: 20<\/p>\n<p>Capacitate: 19 L<\/p>\n<p>Controlul termostatului digital<\/p>\n<p>Se r\u0103ce\u0219te p\u00e2n\u0103 la ultima pic\u0103tur\u0103 de b\u0103utur\u0103 folosind sistemul de r\u0103cire inferior<\/p>\n<p>Economie de energie de 15% cu termostat digital \u0219i sistem de r\u0103cire<\/p>\n<p>Temperatura de la +3 la +10 grade<\/p>\n<p>Sistem de amestecare magnetic care elimin\u0103 riscul de scurgere de ap\u0103 \u0219i de intrare a apei \u00een motor<\/p>\n<p>Zgomot redus \u00een timpul func\u021bion\u0103rii<\/p>\n<p>Toate p\u0103r\u021bile \u00een contact cu b\u0103utura sunt u\u0219or de \u00eendep\u0103rtat \u0219i de cur\u0103\u021bat.<\/p>\n<p>&nbsp;<\/p>\n","protected":false},"excerpt":{"rendered":"<p>Racitor pentru sucuri\/ ayran cu o capacitate de 19 l. Dimensiuni: 320x400x400 mm; Greutate: 20; Controlul termostatului digital; Se r\u0103ce\u0219te p\u00e2n\u0103 la ultima pic\u0103tur\u0103 de b\u0103utur\u0103 folosind sistemul de r\u0103cire inferior; Economie de energie de 15% cu termostat digital \u0219i sistem de r\u0103cire; Temperatura de la +3 la +10 grade; Sistem de amestecare magnetic care elimin\u0103 riscul de scurgere de ap\u0103 \u0219i de intrare a apei \u00een motor; Zgomot redus \u00een timpul func\u021bion\u0103rii; Toate p\u0103r\u021bile \u00een contact cu b\u0103utura sunt u\u0219or de \u00eendep\u0103rtat \u0219i de cur\u0103\u021bat.<\/p>\n","protected":false},"featured_media":6287,"template":"","meta":[],"_links":{"self":[{"href":"https:\/\/evotek.md\/ro\/wp-json\/wp\/v2\/product\/6288"}],"collection":[{"href":"https:\/\/evotek.md\/ro\/wp-json\/wp\/v2\/product"}],"about":[{"href":"https:\/\/evotek.md\/ro\/wp-json\/wp\/v2\/types\/product"}],"wp:featuredmedia":[{"embeddable":true,"href":"https:\/\/evotek.md\/ro\/wp-json\/wp\/v2\/media\/6287"}],"wp:attachment":[{"href":"https:\/\/evotek.md\/ro\/wp-json\/wp\/v2\/media?parent=6288"}],"curies":[{"name":"wp","href":"https:\/\/api.w.org\/{rel}","templated":true}]}}