{"id":6263,"date":"2020-03-31T20:54:32","date_gmt":"2020-03-31T20:54:32","guid":{"rendered":"https:\/\/evotek.md\/?post_type=product&#038;p=6263"},"modified":"2020-10-29T10:57:48","modified_gmt":"2020-10-29T10:57:48","slug":"tocator-albastru-st-341454","status":"publish","type":"product","link":"https:\/\/evotek.md\/ro\/produse\/accesorii-si-inventar-bucatarie\/tocatoare-pentru-bucatarie\/tocator-albastru-st-341454\/","title":{"rendered":"TOC\u0102TOR ALBASTRU 450\u0445300\u044513 mm -ST-341454"},"content":{"rendered":"<p><strong>TOC\u0102TOR ALBASTRU 450\u0445300\u044513 mm -ST-341454-<\/strong> conceput pentru a t\u0103ia, a m\u0103run\u021bi, \u0219i a toca produsele. Plasticul alimentar gros este rezistent la temperaturi ridicate, la abraziunea suprafe\u021bei de lucru \u0219i la zg\u00e2rieturi. Datorit\u0103 plasticului de \u00eenalt\u0103 calitate alimentele nu intr\u0103 \u00een porii materialului, \u00eempiedic\u00e2nd astfel probabilitatea \u00eenmul\u021birii bacteriilor.<\/p>\n<p>Caracteristici<\/p>\n<p>Dimensiuni: 450\u0445300\u044513 mm<\/p>\n<p>Material: plastic<\/p>\n<p>Poate fi sp\u0103lat \u00eentr-o ma\u0219in\u0103 de sp\u0103lat vase<\/p>\n<p>Produc\u0103tor: Stalgast (Polonia)<\/p>\n<p>&nbsp;<\/p>\n","protected":false},"excerpt":{"rendered":"<p>Toc\u0103tor albastru. Dimensiuni: 450\u0445300\u044513 mm; Material: plastic; Poate fi sp\u0103lat \u00eentr-o ma\u0219in\u0103 de sp\u0103lat vase; Produc\u0103tor: Stalgast (Polonia).<\/p>\n","protected":false},"featured_media":6262,"template":"","meta":[],"_links":{"self":[{"href":"https:\/\/evotek.md\/ro\/wp-json\/wp\/v2\/product\/6263"}],"collection":[{"href":"https:\/\/evotek.md\/ro\/wp-json\/wp\/v2\/product"}],"about":[{"href":"https:\/\/evotek.md\/ro\/wp-json\/wp\/v2\/types\/product"}],"wp:featuredmedia":[{"embeddable":true,"href":"https:\/\/evotek.md\/ro\/wp-json\/wp\/v2\/media\/6262"}],"wp:attachment":[{"href":"https:\/\/evotek.md\/ro\/wp-json\/wp\/v2\/media?parent=6263"}],"curies":[{"name":"wp","href":"https:\/\/api.w.org\/{rel}","templated":true}]}}