{"id":6201,"date":"2020-03-31T18:33:01","date_gmt":"2020-03-31T18:33:01","guid":{"rendered":"https:\/\/evotek.md\/?post_type=product&#038;p=6201"},"modified":"2020-10-29T10:32:07","modified_gmt":"2020-10-29T10:32:07","slug":"tocator-alb-st-340300","status":"publish","type":"product","link":"https:\/\/evotek.md\/ro\/produse\/accesorii-si-inventar-bucatarie\/tocatoare-pentru-bucatarie\/tocator-alb-st-340300\/","title":{"rendered":"TOC\u0102TOR ALB 300\u0445220\u044510 mm -ST-340300"},"content":{"rendered":"<p><strong>TOC\u0102TOR ALB<\/strong> <strong>300\u0445220\u044510 mm -ST-340300- <\/strong>conceput pentru a t\u0103ia, a m\u0103run\u021bi, \u0219i a toca produsele. Plasticul alimentar gros este rezistent la temperaturi ridicate, la abraziunea suprafe\u021bei de lucru \u0219i la zg\u00e2rieturi. Datorit\u0103 plasticului de \u00eenalt\u0103 calitate alimentele nu intr\u0103 \u00een porii materialului, \u00eempiedic\u00e2nd astfel probabilitatea \u00eenmul\u021birii bacteriilor.<\/p>\n<p>Caracteristici<\/p>\n<p>Dimensiuni: 300\u0445220\u044510 mm<\/p>\n<p>Material: plastic<\/p>\n<p>Poate fi sp\u0103lat \u00eentr-o ma\u0219in\u0103 de sp\u0103lat vase<\/p>\n<p>Produc\u0103tor: Stalgast (Polonia)<\/p>\n<p>&nbsp;<\/p>\n","protected":false},"excerpt":{"rendered":"<p>Toc\u0103tor alb. Dimensiuni: 300\u0445220\u044510 mm; Material: plastic; Poate fi sp\u0103lat \u00eentr-o ma\u0219in\u0103 de sp\u0103lat vase; Produc\u0103tor: Stalgast (Polonia).<\/p>\n","protected":false},"featured_media":6200,"template":"","meta":[],"_links":{"self":[{"href":"https:\/\/evotek.md\/ro\/wp-json\/wp\/v2\/product\/6201"}],"collection":[{"href":"https:\/\/evotek.md\/ro\/wp-json\/wp\/v2\/product"}],"about":[{"href":"https:\/\/evotek.md\/ro\/wp-json\/wp\/v2\/types\/product"}],"wp:featuredmedia":[{"embeddable":true,"href":"https:\/\/evotek.md\/ro\/wp-json\/wp\/v2\/media\/6200"}],"wp:attachment":[{"href":"https:\/\/evotek.md\/ro\/wp-json\/wp\/v2\/media?parent=6201"}],"curies":[{"name":"wp","href":"https:\/\/api.w.org\/{rel}","templated":true}]}}