{"id":6149,"date":"2020-03-31T16:49:39","date_gmt":"2020-03-31T16:49:39","guid":{"rendered":"https:\/\/evotek.md\/?post_type=product&#038;p=6149"},"modified":"2020-10-29T11:11:24","modified_gmt":"2020-10-29T11:11:24","slug":"tocator-rosu-st-341631","status":"publish","type":"product","link":"https:\/\/evotek.md\/ro\/produse\/accesorii-si-inventar-bucatarie\/tocatoare-pentru-bucatarie\/tocator-rosu-st-341631\/","title":{"rendered":"TOC\u0102TOR RO\u0218U 600\u0445400\u044518 mm -ST- 341631"},"content":{"rendered":"<p><strong>TOC\u0102TOR RO\u0218U<\/strong> <strong>600\u0445400\u044518 m<\/strong>m <strong>-ST-<\/strong> <strong>341631- <\/strong>conceput pentru a t\u0103ia, a m\u0103run\u021bi, \u0219i a toca produsele. Plasticul alimentar gros este rezistent la temperaturi ridicate, la abraziunea suprafe\u021bei de lucru \u0219i la zg\u00e2rieturi. Datorit\u0103 plasticului de \u00eenalt\u0103 calitate alimentele nu intr\u0103 \u00een porii materialului, \u00eempiedic\u00e2nd astfel probabilitatea \u00eenmul\u021birii bacteriilor.<\/p>\n<p>Caracteristici<\/p>\n<p>Dimensiuni: 600\u0445400\u044518 mm<\/p>\n<p>Material: plastic<\/p>\n<p>Poate fi sp\u0103lat \u00eentr-o ma\u0219in\u0103 de sp\u0103lat vase<\/p>\n<p>Produc\u0103tor: Stalgast (Polonia)<\/p>\n<p>&nbsp;<\/p>\n<p>&nbsp;<\/p>\n","protected":false},"excerpt":{"rendered":"<p>Toc\u0103tor ro\u0219u. Dimensiuni: 600\u0445400\u044518 mm; Material: plastic; Poate fi sp\u0103lat \u00eentr-o ma\u0219in\u0103 de sp\u0103lat vase; Produc\u0103tor: Stalgast (Polonia).<\/p>\n","protected":false},"featured_media":6148,"template":"","meta":[],"_links":{"self":[{"href":"https:\/\/evotek.md\/ro\/wp-json\/wp\/v2\/product\/6149"}],"collection":[{"href":"https:\/\/evotek.md\/ro\/wp-json\/wp\/v2\/product"}],"about":[{"href":"https:\/\/evotek.md\/ro\/wp-json\/wp\/v2\/types\/product"}],"wp:featuredmedia":[{"embeddable":true,"href":"https:\/\/evotek.md\/ro\/wp-json\/wp\/v2\/media\/6148"}],"wp:attachment":[{"href":"https:\/\/evotek.md\/ro\/wp-json\/wp\/v2\/media?parent=6149"}],"curies":[{"name":"wp","href":"https:\/\/api.w.org\/{rel}","templated":true}]}}