{"id":6139,"date":"2020-03-31T16:31:46","date_gmt":"2020-03-31T16:32:46","guid":{"rendered":"https:\/\/evotek.md\/?post_type=product&#038;p=6139"},"modified":"2022-12-05T11:38:06","modified_gmt":"2022-12-05T11:38:06","slug":"tocator-negru-st-341537","status":"publish","type":"product","link":"https:\/\/evotek.md\/ro\/produse\/accesorii-si-inventar-bucatarie\/tocatoare-pentru-bucatarie\/tocator-negru-st-341537\/","title":{"rendered":"TOC\u0102TOR NEGRU 530\u0445325\u044515 mm -ST-341537"},"content":{"rendered":"<p><strong>TOC\u0102TOR NEGRU<\/strong> <strong>530\u0445325\u044515 mm -ST-341537- <\/strong>conceput pentru a t\u0103ia, a m\u0103run\u021bi, \u0219i a toca produsele. Plasticul alimentar gros este rezistent la temperaturi ridicate, la abraziunea suprafe\u021bei de lucru \u0219i la zg\u00e2rieturi. Datorit\u0103 plasticului de \u00eenalt\u0103 calitate alimentele nu intr\u0103 \u00een porii materialului, \u00eempiedic\u00e2nd astfel probabilitatea \u00eenmul\u021birii bacteriilor.<\/p>\n<p>Caracteristici<\/p>\n<p>Dimensiuni: 530\u0445325\u044515 mm<\/p>\n<p>Material: plastic<\/p>\n<p>Poate fi sp\u0103lat \u00eentr-o ma\u0219in\u0103 de sp\u0103lat vase<\/p>\n<p>Produc\u0103tor: Stalgast (Polonia)<\/p>\n<p>&nbsp;<\/p>\n","protected":false},"excerpt":{"rendered":"<p>Toc\u0103tor negru. Dimensiuni: 530\u0445325\u044515 mm; Material: plastic; Poate fi sp\u0103lat \u00eentr-o ma\u0219in\u0103 de sp\u0103lat vase; Produc\u0103tor: Stalgast (Polonia).<\/p>\n","protected":false},"featured_media":6138,"template":"","meta":[],"_links":{"self":[{"href":"https:\/\/evotek.md\/ro\/wp-json\/wp\/v2\/product\/6139"}],"collection":[{"href":"https:\/\/evotek.md\/ro\/wp-json\/wp\/v2\/product"}],"about":[{"href":"https:\/\/evotek.md\/ro\/wp-json\/wp\/v2\/types\/product"}],"wp:featuredmedia":[{"embeddable":true,"href":"https:\/\/evotek.md\/ro\/wp-json\/wp\/v2\/media\/6138"}],"wp:attachment":[{"href":"https:\/\/evotek.md\/ro\/wp-json\/wp\/v2\/media?parent=6139"}],"curies":[{"name":"wp","href":"https:\/\/api.w.org\/{rel}","templated":true}]}}