{"id":6114,"date":"2020-03-31T10:56:17","date_gmt":"2020-03-31T10:57:17","guid":{"rendered":"https:\/\/evotek.md\/?post_type=product&#038;p=6114"},"modified":"2022-09-26T13:03:20","modified_gmt":"2022-09-26T13:03:20","slug":"malaxor-spiral-mec-m-40-c-2s-380v","status":"publish","type":"product","link":"https:\/\/evotek.md\/ro\/produse\/echipamente-electromecanice\/mixer-aluat\/malaxor-spiral-mec-m-40-c-2s-380v\/","title":{"rendered":"MALAXOR SPIRAL CU BOL DETASABIL 42 LITRI &#8211; 2 VITEZE -MEC M-40-C-2S 380V"},"content":{"rendered":"<p><strong>MALAXOR SPIRAL CU BOL DETASABIL 42 LITRI &#8211; 2 VITEZE -MEC M-40-C-2S 380V- <\/strong>Malaxorul cu spiral\u0103 este conceput pentru fr\u0103m\u00e2ntarea aluatului cu o baz\u0103 \u0219i consisten\u021b\u0103 diferit\u0103 pentru coacerea produselor de panifica\u021bie sau a cofet\u0103riei la \u00eentreprinderile de alimenta\u021bie public\u0103 \u0219i comer\u021b. Carcasa este realizat\u0103 din inox vopsit \u00een alb, vasul, spirala, testerele \u0219i capacul sunt la fel din inox. Facilit\u0103\u021bi: buton de oprire de urgen\u021b\u0103; Contor de timp.<\/p>\n<p>Caracteristici<\/p>\n<p>Productivitate: 140 kg \/ h<\/p>\n<p>Capacitate bol: 42 L<\/p>\n<p>Capacitate de aluat: 33 kg<\/p>\n<p>Num\u0103rul de viteze: 2 viteze<\/p>\n<p>Mecanism de montare a bolului: deta\u0219abil<\/p>\n<p>Mecanism de ridicare a capului: grinda de ridicare<\/p>\n<p>Tensiune: 380 V<\/p>\n<p>Putere: 1,1 kW<\/p>\n<p>Parametri: 530x790x740 mm<\/p>\n<p>Greutate: 119 kg<\/p>\n<p>\u021aara de origine: Italia<\/p>\n<p>&nbsp;<\/p>\n","protected":false},"excerpt":{"rendered":"<p>Malaxor cu spiral\u0103 pentru fr\u0103m\u00e2ntarea aluatului cu dou\u0103 viteze. Productivitate: 140 kg \/ h; Capacitate bol: 42 L; Capacitate de aluat: 33 kg; Num\u0103rul de viteze: 2 viteze; Mecanism de montare a bolului: deta\u0219abil; Mecanism de ridicare a capului: grinda de ridicare; Tensiune: 380 V; Putere: 1,1 kW; Parametri: 530x790x740 mm; Greutate: 119 kg; \u021aara de origine: Italia.<\/p>\n<p>&nbsp;<\/p>\n","protected":false},"featured_media":6109,"template":"","meta":[],"_links":{"self":[{"href":"https:\/\/evotek.md\/ro\/wp-json\/wp\/v2\/product\/6114"}],"collection":[{"href":"https:\/\/evotek.md\/ro\/wp-json\/wp\/v2\/product"}],"about":[{"href":"https:\/\/evotek.md\/ro\/wp-json\/wp\/v2\/types\/product"}],"wp:featuredmedia":[{"embeddable":true,"href":"https:\/\/evotek.md\/ro\/wp-json\/wp\/v2\/media\/6109"}],"wp:attachment":[{"href":"https:\/\/evotek.md\/ro\/wp-json\/wp\/v2\/media?parent=6114"}],"curies":[{"name":"wp","href":"https:\/\/api.w.org\/{rel}","templated":true}]}}