{"id":6096,"date":"2020-03-31T08:19:43","date_gmt":"2020-03-31T08:19:43","guid":{"rendered":"https:\/\/evotek.md\/?post_type=product&#038;p=6096"},"modified":"2021-08-06T15:01:09","modified_gmt":"2021-08-06T15:01:09","slug":"chiuveta-din-inox-vms-5-5-2s","status":"publish","type":"product","link":"https:\/\/evotek.md\/ro\/produse\/mobila-din-inox\/chiuvete-din-inox\/chiuveta-din-inox-vms-5-5-2s\/","title":{"rendered":"Chiuvet\u0103 din inox VMS-5-2S"},"content":{"rendered":"<p>Materialul carcasei: inox<\/p>\n<p>Cu bordur la perete.<\/p>\n<p>L\u0103\u021bime: de la 500 p\u00e2n\u0103 la 800 mm.<\/p>\n<p>Lungime: de la 900 p\u00e2n\u0103 la 1600 mm.<\/p>\n<p>Ad\u00e2ncimea chiuvetei poate fi de la 250 p\u00e2n\u0103 la 450 mm.<\/p>\n<p>\u00cen\u0103l\u021bime: 850 mm.<\/p>\n<p>Picioare reglabile<\/p>\n<p>Carcasa realizat\u0103 din \u021beav\u0103 30&#215;30 mm.<\/p>\n<p>Chiuveta din inox cu dou\u0103 sec\u021bii poate fi realizat\u0103 dup\u0103 proiectul individual<\/p>\n","protected":false},"excerpt":{"rendered":"<p>Chiuvet\u0103 din inox cu doua sec\u021bii pe carcas\u0103. Ad\u00e2ncimea chiuvetei poate fi de la 250 p\u00e2n\u0103 la 450 mm. L\u0103\u021bimea poate fi de la 500 p\u00e2n\u0103 la 800 mm. Lungimea poate fi de la 900 p\u00e2n\u0103 la 1600 mm.<\/p>\n<p>*Chiuveta din inox cu dou\u0103 sec\u021bii poate fi realizat\u0103 dup\u0103 proiectul individual.<\/p>\n<p>*Robinetul \u0219i sifoanele nu sunt incluse.<\/p>\n","protected":false},"featured_media":6097,"template":"","meta":[],"_links":{"self":[{"href":"https:\/\/evotek.md\/ro\/wp-json\/wp\/v2\/product\/6096"}],"collection":[{"href":"https:\/\/evotek.md\/ro\/wp-json\/wp\/v2\/product"}],"about":[{"href":"https:\/\/evotek.md\/ro\/wp-json\/wp\/v2\/types\/product"}],"wp:featuredmedia":[{"embeddable":true,"href":"https:\/\/evotek.md\/ro\/wp-json\/wp\/v2\/media\/6097"}],"wp:attachment":[{"href":"https:\/\/evotek.md\/ro\/wp-json\/wp\/v2\/media?parent=6096"}],"curies":[{"name":"wp","href":"https:\/\/api.w.org\/{rel}","templated":true}]}}