{"id":6095,"date":"2020-03-31T08:17:06","date_gmt":"2020-03-31T08:18:03","guid":{"rendered":"https:\/\/evotek.md\/?post_type=product&#038;p=6095"},"modified":"2023-04-18T12:11:29","modified_gmt":"2023-04-18T12:11:29","slug":"700x700x850-mm-mv-5-1s","status":"publish","type":"product","link":"https:\/\/evotek.md\/ro\/produse\/mobila-din-inox\/chiuvete-din-inox\/700x700x850-mm-mv-5-1s\/","title":{"rendered":"CHIUVETA DIN INOX 700x700x850 mm -MV-5-1S"},"content":{"rendered":"<div><strong>CHIUVETA DIN INOX 700x700x850 mm -MV-5-1S<\/strong><\/div>\n<div><\/div>\n<div>Caracteristici<\/div>\n<div>Material: o\u021bel inoxidabil<\/div>\n<div>F\u0103r\u0103 poli\u021b\u0103<\/div>\n<div>Cu bordur la perete<\/div>\n<div>Lungime: 700 mm<\/div>\n<div>Latime (adancime): 700 mm<\/div>\n<div>Inaltime: 850 mm<\/div>\n<div>Picioarele sunt reglabile pe inaltime<\/div>\n<div>Carcasa este realizata dintr-o teava de 30&#215;30 mm.<\/div>\n<div>Col\u021burile radiale ale chiuvetei faciliteaz\u0103 o igienizare convenabil\u0103<\/div>\n<div><\/div>\n<div>*Chiuveta ordinara poate fi realizat\u0103 dup\u0103 proiectul individual.<\/div>\n","protected":false},"excerpt":{"rendered":"<p>Chiuvet\u0103 din inox cu o sec\u021bie. Material: o\u021bel inoxidabil; F\u0103r\u0103 poli\u021b\u0103; Cu bordur la perete; Lungime: 700 mm; Latime (adancime): 700 mm; Inaltime: 850 mm; Picioarele sunt reglabile pe inaltime; Carcasa este realizata dintr-o teava de 30&#215;30 mm; Col\u021burile radiale ale chiuvetei faciliteaz\u0103 o igienizare convenabil\u0103.<\/p>\n<p>*Chiuveta ordinara poate fi realizat\u0103 dup\u0103 proiectul individual.<\/p>\n<p>*Robinetul \u015fi sifoanele nu intr\u0103 \u00een set.<\/p>\n","protected":false},"featured_media":6091,"template":"","meta":[],"_links":{"self":[{"href":"https:\/\/evotek.md\/ro\/wp-json\/wp\/v2\/product\/6095"}],"collection":[{"href":"https:\/\/evotek.md\/ro\/wp-json\/wp\/v2\/product"}],"about":[{"href":"https:\/\/evotek.md\/ro\/wp-json\/wp\/v2\/types\/product"}],"wp:featuredmedia":[{"embeddable":true,"href":"https:\/\/evotek.md\/ro\/wp-json\/wp\/v2\/media\/6091"}],"wp:attachment":[{"href":"https:\/\/evotek.md\/ro\/wp-json\/wp\/v2\/media?parent=6095"}],"curies":[{"name":"wp","href":"https:\/\/api.w.org\/{rel}","templated":true}]}}