{"id":6087,"date":"2020-03-27T16:37:04","date_gmt":"2020-03-27T16:37:04","guid":{"rendered":"https:\/\/evotek.md\/?post_type=product&#038;p=6087"},"modified":"2020-03-27T16:37:04","modified_gmt":"2020-03-27T16:37:04","slug":"cleste-universal-cu-izolatie-300-mm-st-1023","status":"publish","type":"product","link":"https:\/\/evotek.md\/ro\/produse\/accesorii-si-inventar-bucatarie\/cleste\/cleste-universal-cu-izolatie-300-mm-st-1023\/","title":{"rendered":"CLE\u0218TE UNIVERSAL CU IZOLA\u021aIE 300 mm ST-1023"},"content":{"rendered":"<p><strong>CLE\u0218TE UNIVERSAL CU IZOLA\u021aIE 300 mm ST-1023- <\/strong>Cle\u0219te universal cu izola\u021bie. \u00cen munca lor, buc\u0103tarii au de multe ori de-a face cu g\u0103titul la temperaturi ridicate\/joase. Cle\u0219tele este foarte convenabil \u00een prepararea oric\u0103ror feluri de m\u00e2ncare \u0219i mai ales la temperaturi diferite, pentru siguran\u021ba m\u00e2inilor acestea sunt foarte necesare. Potrivit pentru utilizare \u00een ma\u0219ina de sp\u0103lat vase.<\/p>\n<p>&nbsp;<\/p>\n","protected":false},"excerpt":{"rendered":"<p>Cle\u0219te universal cu izola\u021bie, cu lungimea de 300 mm.<\/p>\n","protected":false},"featured_media":6086,"template":"","meta":[],"_links":{"self":[{"href":"https:\/\/evotek.md\/ro\/wp-json\/wp\/v2\/product\/6087"}],"collection":[{"href":"https:\/\/evotek.md\/ro\/wp-json\/wp\/v2\/product"}],"about":[{"href":"https:\/\/evotek.md\/ro\/wp-json\/wp\/v2\/types\/product"}],"wp:featuredmedia":[{"embeddable":true,"href":"https:\/\/evotek.md\/ro\/wp-json\/wp\/v2\/media\/6086"}],"wp:attachment":[{"href":"https:\/\/evotek.md\/ro\/wp-json\/wp\/v2\/media?parent=6087"}],"curies":[{"name":"wp","href":"https:\/\/api.w.org\/{rel}","templated":true}]}}