{"id":6059,"date":"2020-03-27T15:48:43","date_gmt":"2020-03-27T15:48:43","guid":{"rendered":"https:\/\/evotek.md\/?post_type=product&#038;p=6059"},"modified":"2020-03-27T15:48:43","modified_gmt":"2020-03-27T15:48:43","slug":"cleste-universal-300-mm-st-422301","status":"publish","type":"product","link":"https:\/\/evotek.md\/ro\/produse\/accesorii-si-inventar-bucatarie\/cleste\/cleste-universal-300-mm-st-422301\/","title":{"rendered":"CLE\u0218TE UNIVERSAL 300 mm ST-422301"},"content":{"rendered":"<p><strong>CLE\u0218TE UNIVERSAL 300 mm ST-422301- <\/strong>Cle\u0219te universal. \u00cen munca lor, buc\u0103tarii au de multe ori de-a face cu g\u0103titul la temperaturi ridicate\/joase. Cle\u0219tele este foarte convenabil \u00een prepararea oric\u0103ror feluri de m\u00e2ncare \u0219i mai ales la temperaturi diferite, pentru siguran\u021ba m\u00e2inilor acestea sunt foarte necesare. Potrivit pentru utilizare \u00een ma\u0219ina de sp\u0103lat vase.<\/p>\n<p>&nbsp;<\/p>\n","protected":false},"excerpt":{"rendered":"<p>Cle\u0219te universal cu lungimea de 300 mm.<\/p>\n","protected":false},"featured_media":6034,"template":"","meta":[],"_links":{"self":[{"href":"https:\/\/evotek.md\/ro\/wp-json\/wp\/v2\/product\/6059"}],"collection":[{"href":"https:\/\/evotek.md\/ro\/wp-json\/wp\/v2\/product"}],"about":[{"href":"https:\/\/evotek.md\/ro\/wp-json\/wp\/v2\/types\/product"}],"wp:featuredmedia":[{"embeddable":true,"href":"https:\/\/evotek.md\/ro\/wp-json\/wp\/v2\/media\/6034"}],"wp:attachment":[{"href":"https:\/\/evotek.md\/ro\/wp-json\/wp\/v2\/media?parent=6059"}],"curies":[{"name":"wp","href":"https:\/\/api.w.org\/{rel}","templated":true}]}}