{"id":6043,"date":"2020-03-27T15:20:28","date_gmt":"2020-03-27T15:21:27","guid":{"rendered":"https:\/\/evotek.md\/?post_type=product&#038;p=6043"},"modified":"2025-05-07T14:11:04","modified_gmt":"2025-05-07T14:11:04","slug":"cleste-pentru-grill-280-mm-st-423284","status":"publish","type":"product","link":"https:\/\/evotek.md\/ro\/produse\/accesorii-si-inventar-bucatarie\/cleste\/cleste-pentru-grill-280-mm-st-423284\/","title":{"rendered":"CLE\u0218TE PENTRU GRILL 280 mm ST-423284"},"content":{"rendered":"<p><strong>CLE\u0218TE PENTRU GRILL 280 mm ST-423284- <\/strong>Cle\u0219te pentru grill. \u00cen munca lor, buc\u0103tarii au de multe ori de-a face cu g\u0103titul la temperaturi ridicate\/joase. Cle\u0219tele este foarte convenabil \u00een prepararea oric\u0103ror feluri de m\u00e2ncare \u0219i mai ales la temperaturi diferite, pentru siguran\u021ba m\u00e2inilor acestea sunt foarte necesare. Potrivit pentru utilizare \u00een ma\u0219ina de sp\u0103lat vase.<\/p>\n<p>Caracteristici<br \/>\nMaterial: o\u021bel inoxidabil<br \/>\nLungime: 280 mm<\/p>\n","protected":false},"excerpt":{"rendered":"<p>Cle\u0219te pentru grill. Material: o\u021bel inoxidabil; Lungime: 280 mm.<\/p>\n","protected":false},"featured_media":6042,"template":"","meta":[],"_links":{"self":[{"href":"https:\/\/evotek.md\/ro\/wp-json\/wp\/v2\/product\/6043"}],"collection":[{"href":"https:\/\/evotek.md\/ro\/wp-json\/wp\/v2\/product"}],"about":[{"href":"https:\/\/evotek.md\/ro\/wp-json\/wp\/v2\/types\/product"}],"wp:featuredmedia":[{"embeddable":true,"href":"https:\/\/evotek.md\/ro\/wp-json\/wp\/v2\/media\/6042"}],"wp:attachment":[{"href":"https:\/\/evotek.md\/ro\/wp-json\/wp\/v2\/media?parent=6043"}],"curies":[{"name":"wp","href":"https:\/\/api.w.org\/{rel}","templated":true}]}}