{"id":6022,"date":"2020-03-27T13:02:17","date_gmt":"2020-03-27T13:02:56","guid":{"rendered":"https:\/\/evotek.md\/?post_type=product&#038;p=6022"},"modified":"2025-06-04T08:50:57","modified_gmt":"2025-06-04T08:50:57","slug":"bol-din-inox-4-l-st-082240","status":"publish","type":"product","link":"https:\/\/evotek.md\/ro\/produse\/accesorii-si-inventar-bucatarie\/boluri\/bol-din-inox-4-l-st-082240\/","title":{"rendered":"BOL DIN INOX \u00d8 240 mm, 2.7 LITRI -ST-082240"},"content":{"rendered":"<p><strong>BOL DIN INOX \u00d8 240 mm, <span class=\"fontstyle0\">2.7 <\/span>LITRI -ST-082240-<\/strong> Bolurile ocup\u0103 un loc special \u00een activitatea profesional\u0103 a buc\u0103tarului, deoarece optimizeaz\u0103 \u0219i sistematizeaz\u0103 procesul de g\u0103tit. Buc\u0103tarul are nevoie de boluri \u0219i pentru comoditatea produc\u021biei, deoarece exist\u0103 multe ingrediente \u0219i procese. La \u00eendem\u00e2na unui buc\u0103tar \u00eentotdeauna trebuie s\u0103 fie mai multe boluri.<\/p>\n<p>Caracteristici<\/p>\n<p>Volumul: <span class=\"fontstyle0\">2,7 <\/span>L<\/p>\n<p>Diametru: 240 mm<\/p>\n<p>\u00cen\u0103l\u021bime: 100 mm<\/p>\n<p>Material: Inox<\/p>\n<p>&nbsp;<\/p>\n","protected":false},"excerpt":{"rendered":"<p>Bol din inox cu capacitatea de <span class=\"fontstyle0\">2,7 <\/span>l. Diametru: 240 mm; \u00cen\u0103l\u021bime: 100 mm; Material: Inox.<\/p>\n","protected":false},"featured_media":5998,"template":"","meta":[],"_links":{"self":[{"href":"https:\/\/evotek.md\/ro\/wp-json\/wp\/v2\/product\/6022"}],"collection":[{"href":"https:\/\/evotek.md\/ro\/wp-json\/wp\/v2\/product"}],"about":[{"href":"https:\/\/evotek.md\/ro\/wp-json\/wp\/v2\/types\/product"}],"wp:featuredmedia":[{"embeddable":true,"href":"https:\/\/evotek.md\/ro\/wp-json\/wp\/v2\/media\/5998"}],"wp:attachment":[{"href":"https:\/\/evotek.md\/ro\/wp-json\/wp\/v2\/media?parent=6022"}],"curies":[{"name":"wp","href":"https:\/\/api.w.org\/{rel}","templated":true}]}}