{"id":5999,"date":"2020-03-27T12:18:08","date_gmt":"2020-03-27T12:20:52","guid":{"rendered":"https:\/\/evotek.md\/?post_type=product&#038;p=5999"},"modified":"2025-06-04T08:58:40","modified_gmt":"2025-06-04T08:58:40","slug":"bol-din-inox-82-l-st-82360","status":"publish","type":"product","link":"https:\/\/evotek.md\/ro\/produse\/accesorii-si-inventar-bucatarie\/boluri\/bol-din-inox-82-l-st-82360\/","title":{"rendered":"BOL DIN INOX \u00d8360 mm, 8 LITRI -ST-082360"},"content":{"rendered":"<p><strong>BOL DIN INOX \u00d8360 mm, 8 LITRI -ST-082360-<\/strong> Bolurile ocup\u0103 un loc special \u00een activitatea profesional\u0103 a buc\u0103tarului, deoarece optimizeaz\u0103 \u0219i sistematizeaz\u0103 procesul de g\u0103tit. Buc\u0103tarul are nevoie de boluri \u0219i pentru comoditatea produc\u021biei, deoarece exist\u0103 multe ingrediente \u0219i procese. La \u00eendem\u00e2na unui buc\u0103tar \u00eentotdeauna trebuie s\u0103 fie mai multe boluri.<\/p>\n<p>Caracteristici<\/p>\n<p>Volumul: 8 L<\/p>\n<p>Diametru: 360 mm<\/p>\n<p>\u00cen\u0103l\u021bime: 130 mm<\/p>\n<p>Material: Inox<\/p>\n<p>&nbsp;<\/p>\n","protected":false},"excerpt":{"rendered":"<p>Bol din inox cu capacitatea de 8 l. Diametru: 360 mm; \u00cen\u0103l\u021bime: 130 mm; Material: Inox.<\/p>\n","protected":false},"featured_media":42669,"template":"","meta":[],"_links":{"self":[{"href":"https:\/\/evotek.md\/ro\/wp-json\/wp\/v2\/product\/5999"}],"collection":[{"href":"https:\/\/evotek.md\/ro\/wp-json\/wp\/v2\/product"}],"about":[{"href":"https:\/\/evotek.md\/ro\/wp-json\/wp\/v2\/types\/product"}],"wp:featuredmedia":[{"embeddable":true,"href":"https:\/\/evotek.md\/ro\/wp-json\/wp\/v2\/media\/42669"}],"wp:attachment":[{"href":"https:\/\/evotek.md\/ro\/wp-json\/wp\/v2\/media?parent=5999"}],"curies":[{"name":"wp","href":"https:\/\/api.w.org\/{rel}","templated":true}]}}