{"id":5994,"date":"2020-03-27T12:11:57","date_gmt":"2020-03-27T12:12:28","guid":{"rendered":"https:\/\/evotek.md\/?post_type=product&#038;p=5994"},"modified":"2023-02-24T10:40:19","modified_gmt":"2023-02-24T10:40:19","slug":"bol-din-inox-115-l-st-82360","status":"publish","type":"product","link":"https:\/\/evotek.md\/ro\/produse\/accesorii-si-inventar-bucatarie\/boluri\/bol-din-inox-115-l-st-82360\/","title":{"rendered":"BOL DIN INOX \u00d8 360 mm, 11.5 LITRI -ST-82360"},"content":{"rendered":"<p><strong>BOL DIN INOX \u00d8 360 mm, 11.5 LITRI -ST-82360-<\/strong> Bolurile ocup\u0103 un loc special \u00een activitatea profesional\u0103 a buc\u0103tarului, deoarece optimizeaz\u0103 \u0219i sistematizeaz\u0103 procesul de g\u0103tit. Buc\u0103tarul are nevoie de boluri \u0219i pentru comoditatea produc\u021biei, deoarece exist\u0103 multe ingrediente \u0219i procese. La \u00eendem\u00e2na unui buc\u0103tar \u00eentotdeauna trebuie s\u0103 fie mai multe boluri.<\/p>\n<p>Caracteristici<\/p>\n<p>Volumul: 11,5 L<\/p>\n<p>Diametru: 360 mm<\/p>\n<p>\u00cen\u0103l\u021bime: 160 mm<\/p>\n<p>Material: Inox<\/p>\n<p>&nbsp;<\/p>\n","protected":false},"excerpt":{"rendered":"<p>Bol din inox cu capacitatea de 11,5 \u00a0l. Diametru: 360 mm; \u00cen\u0103l\u021bime: 160 mm; Material: Inox.<\/p>\n","protected":false},"featured_media":5986,"template":"","meta":[],"_links":{"self":[{"href":"https:\/\/evotek.md\/ro\/wp-json\/wp\/v2\/product\/5994"}],"collection":[{"href":"https:\/\/evotek.md\/ro\/wp-json\/wp\/v2\/product"}],"about":[{"href":"https:\/\/evotek.md\/ro\/wp-json\/wp\/v2\/types\/product"}],"wp:featuredmedia":[{"embeddable":true,"href":"https:\/\/evotek.md\/ro\/wp-json\/wp\/v2\/media\/5986"}],"wp:attachment":[{"href":"https:\/\/evotek.md\/ro\/wp-json\/wp\/v2\/media?parent=5994"}],"curies":[{"name":"wp","href":"https:\/\/api.w.org\/{rel}","templated":true}]}}