{"id":5961,"date":"2020-03-27T10:59:58","date_gmt":"2020-03-27T10:59:58","guid":{"rendered":"https:\/\/evotek.md\/?post_type=product&#038;p=5961"},"modified":"2020-03-27T11:28:06","modified_gmt":"2020-03-27T11:28:06","slug":"cuptor-cu-carbuni-emp-pkf-40-s","status":"publish","type":"product","link":"https:\/\/evotek.md\/ro\/produse\/echipamente-termice\/cuptoare-josper-cuptoare\/cuptor-cu-carbuni-emp-pkf-40-s\/","title":{"rendered":"CUPTOR JOSPER-EMP.PKF-40-S"},"content":{"rendered":"<p><strong>CUPTOR JOSPER &#8211;<\/strong><strong>EMP.PKF-40-S<\/strong><strong>&#8211;<\/strong> <strong>\u00a0<\/strong>Cuptor profesional cu c\u0103rbuni f\u0103r\u0103 support, cu o capacitate de p\u00e2n\u0103 la 80 de locuri, este conceput pentru prepararea alimentelor la unit\u0103\u021bile de alimenta\u021bie public\u0103.<\/p>\n<p>Caracteristici<\/p>\n<p>Produc\u0103tor: Empero, Turcia<\/p>\n<p>Dimensiune grill: 560&#215;524 mm.<\/p>\n<p>Suprafa\u021b\u0103 grill: 0,29 m2.<\/p>\n<p>Volumul de m\u00e2ncare preparat\u0103: 20 kg de carne pe or\u0103.<\/p>\n<p>Temperatura de operare 250-350 \u00b0 C.<\/p>\n<p>Carcas\u0103 izolat\u0103 din inox.<\/p>\n<p>Grosimea pere\u021bilor laterali este de 4 mm, grosimea fundului de 6 mm.<\/p>\n<p>Acoperire standard.<\/p>\n<p>Culoare: negru.<\/p>\n<p>Dimensiunile cuptorului: 710x730x666 \/ 1271 mm.<\/p>\n<p>Greutate: 160 kg.<\/p>\n<p>Echipament de baz\u0103: cuptor, st\u00e2ng\u0103tor de sc\u00e2nteie uscat (aer), grill suplimentar, grill pentru frig\u0103rui, cle\u0219te, u\u0219\u0103 color\u0103.<\/p>\n<p>&nbsp;<\/p>\n","protected":false},"excerpt":{"rendered":"<p>Cuptor profesional josper, cu o capacitate de p\u00e2n\u0103 la 80 de locuri. Dimensiune grill: 560&#215;524 mm; Suprafa\u021b\u0103 grill: 0,29 m2; Volumul de m\u00e2ncare preparat\u0103: 20 kg de carne pe or\u0103; Temperatura de operare 250-350 \u00b0 C; Carcas\u0103 izolat\u0103 din inox; Grosimea pere\u021bilor laterali este de 4 mm, grosimea fundului de 6 mm; Acoperire standard; Culoare: negru; Dimensiunile cuptorului: 710x730x666 \/ 1271 mm; Greutate: 160 kg; Echipament de baz\u0103: cuptor, st\u00e2ng\u0103tor de sc\u00e2nteie uscat (aer), grill suplimentar, grill pentru frig\u0103rui, cle\u0219te, u\u0219\u0103 color\u0103.<\/p>\n","protected":false},"featured_media":5960,"template":"","meta":[],"_links":{"self":[{"href":"https:\/\/evotek.md\/ro\/wp-json\/wp\/v2\/product\/5961"}],"collection":[{"href":"https:\/\/evotek.md\/ro\/wp-json\/wp\/v2\/product"}],"about":[{"href":"https:\/\/evotek.md\/ro\/wp-json\/wp\/v2\/types\/product"}],"wp:featuredmedia":[{"embeddable":true,"href":"https:\/\/evotek.md\/ro\/wp-json\/wp\/v2\/media\/5960"}],"wp:attachment":[{"href":"https:\/\/evotek.md\/ro\/wp-json\/wp\/v2\/media?parent=5961"}],"curies":[{"name":"wp","href":"https:\/\/api.w.org\/{rel}","templated":true}]}}