{"id":5943,"date":"2020-03-26T17:18:13","date_gmt":"2020-03-26T17:18:13","guid":{"rendered":"https:\/\/evotek.md\/?post_type=product&#038;p=5943"},"modified":"2020-12-10T14:46:04","modified_gmt":"2020-12-10T14:46:04","slug":"cazan-pentru-gatit-electric-emp-kt%d0%b5-150","status":"publish","type":"product","link":"https:\/\/evotek.md\/ro\/produse\/echipamente-termice\/cazane-pentru-gatit\/cazan-pentru-gatit-electric-emp-kt%d0%b5-150\/","title":{"rendered":"CAZAN PENTRU G\u0102TIT ELECTRIC 150 L-EMP.KT\u0415.150"},"content":{"rendered":"<p><strong>CAZAN PENTRU G\u0102TIT ELECTRIC 150 L<\/strong> <strong>&#8211;<\/strong><strong>EMP.KT\u0415<\/strong><strong>.150<\/strong><strong>&#8211;<\/strong> Cazan pentru g\u0103tit electric, cu un volum de 150 l, este proiectat pentru prepararea supelor, felul trei, fierberea apei, la \u00eentreprinderile de alimenta\u021bie public\u0103. Poate fi utilizat independent sau ca parte a liniilor tehnologice.<\/p>\n<p>Caracteristici<\/p>\n<p>Produc\u0103tor: Empero, Turcia<\/p>\n<p>Tip: Basculare manual\u0103<\/p>\n<p>\u0412\u043c\u0435\u0441\u0442\u0438\u043c\u043e\u0441\u0442\u044c: 150 L<\/p>\n<p>Conexiune: 380 V<\/p>\n<p>Seria 900.<\/p>\n<p>Putere: 18 kW.<\/p>\n<p>Tensiune: 380 V.<\/p>\n<p>Termocuplu cu supap\u0103 de siguran\u021b\u0103 \u0219i termostat magnetic.<\/p>\n<p>Mecanism de ridicare manual.<\/p>\n<p>Senzor de securitate.<\/p>\n<p>Capac cu contragreutate.<\/p>\n<p>Carcasa este din inox.<\/p>\n<p>Dimensiuni: 800x900x850 mm.<\/p>\n<p>Greutate: 100 kg.<\/p>\n<p>Cazan pentru g\u0103tit electric, cu un volum de 150 l. Tip: Conectare manual\u0103; Conexiune: 380 V; Seria 900; Putere: 18 Kw; Tensiune: 380 V; Termocuplu cu supap\u0103 de siguran\u021b\u0103 \u0219i termostat magnetic; Mecanism de ridicare manual; Senzor de securitate; Capac cu contragreutate; Carcasa este din inox; Dimensiuni: 800x900x850 mm; Greutate: 100 kg.<\/p>\n","protected":false},"excerpt":{"rendered":"<p>Cazan pentru g\u0103tit electric, cu un volum de 150 l. Tip: Basculare manual\u0103; Conexiune: 380 V; Seria 900; Putere: 18 Kw; Tensiune: 380 V; Termocuplu cu supap\u0103 de siguran\u021b\u0103 \u0219i termostat magnetic; Mecanism de ridicare manual; Senzor de securitate; Capac cu contragreutate; Carcasa este din inox; Dimensiuni: 800x900x850 mm; Greutate: 100 kg.<\/p>\n","protected":false},"featured_media":5938,"template":"","meta":[],"_links":{"self":[{"href":"https:\/\/evotek.md\/ro\/wp-json\/wp\/v2\/product\/5943"}],"collection":[{"href":"https:\/\/evotek.md\/ro\/wp-json\/wp\/v2\/product"}],"about":[{"href":"https:\/\/evotek.md\/ro\/wp-json\/wp\/v2\/types\/product"}],"wp:featuredmedia":[{"embeddable":true,"href":"https:\/\/evotek.md\/ro\/wp-json\/wp\/v2\/media\/5938"}],"wp:attachment":[{"href":"https:\/\/evotek.md\/ro\/wp-json\/wp\/v2\/media?parent=5943"}],"curies":[{"name":"wp","href":"https:\/\/api.w.org\/{rel}","templated":true}]}}