{"id":5939,"date":"2020-03-26T17:11:17","date_gmt":"2020-03-26T17:11:17","guid":{"rendered":"https:\/\/evotek.md\/?post_type=product&#038;p=5939"},"modified":"2020-12-10T14:44:01","modified_gmt":"2020-12-10T14:44:01","slug":"cazan-pentru-gatit-electric-emp-kte-70","status":"publish","type":"product","link":"https:\/\/evotek.md\/ro\/produse\/echipamente-termice\/cazane-pentru-gatit\/cazan-pentru-gatit-electric-emp-kte-70\/","title":{"rendered":"CAZAN PENTRU G\u0102TIT ELECTRIC 70 L-EMP.KTE.70"},"content":{"rendered":"<p><strong>CAZAN PENTRU G\u0102TIT ELECTRIC 70 L<\/strong> <strong>-EMP.KTE.70- <\/strong>Cazan pentru g\u0103tit electric, cu un volum de 70 l, este proiectat pentru prepararea supelor, felul trei, fierberea apei, la \u00eentreprinderile de alimenta\u021bie public\u0103. Poate fi utilizat independent sau ca parte a liniilor tehnologice.<\/p>\n<p>Caracteristici<\/p>\n<p>Produc\u0103tor: Empero, Turcia<\/p>\n<p>Tip: Basculare manual\u0103<\/p>\n<p>Capacitate: 70 L<\/p>\n<p>Conexiune: 380 V<\/p>\n<p>Putere: 12 kW.<\/p>\n<p>Tensiune: 380 V.<\/p>\n<p>Termocuplu cu supap\u0103 de siguran\u021b\u0103 \u0219i termostat magnetic.<\/p>\n<p>Mecanism de ridicare manual.<\/p>\n<p>Senzor de securitate.<\/p>\n<p>Capac cu contragreutate.<\/p>\n<p>Carcasa este din inox.<\/p>\n<p>Dimensiuni: 800x730x850 mm.<\/p>\n<p>Greutate: 80 kg.<\/p>\n<p>&nbsp;<\/p>\n","protected":false},"excerpt":{"rendered":"<p>Cazan pentru g\u0103tit electric, cu un volum de 70 l. Tip: Basculare manual\u0103; Conexiune: 380 V; Putere: 12 kW; Tensiune: 380 V; Termocuplu cu supap\u0103 de siguran\u021b\u0103 \u0219i termostat magnetic; Mecanism de ridicare manual; Senzor de securitate; Capac cu contragreutate; Carcasa este din inox; Dimensiuni: 800x730x850 mm; Greutate: 80 kg.<\/p>\n","protected":false},"featured_media":5938,"template":"","meta":[],"_links":{"self":[{"href":"https:\/\/evotek.md\/ro\/wp-json\/wp\/v2\/product\/5939"}],"collection":[{"href":"https:\/\/evotek.md\/ro\/wp-json\/wp\/v2\/product"}],"about":[{"href":"https:\/\/evotek.md\/ro\/wp-json\/wp\/v2\/types\/product"}],"wp:featuredmedia":[{"embeddable":true,"href":"https:\/\/evotek.md\/ro\/wp-json\/wp\/v2\/media\/5938"}],"wp:attachment":[{"href":"https:\/\/evotek.md\/ro\/wp-json\/wp\/v2\/media?parent=5939"}],"curies":[{"name":"wp","href":"https:\/\/api.w.org\/{rel}","templated":true}]}}