{"id":5931,"date":"2020-03-26T16:54:11","date_gmt":"2020-03-26T16:54:11","guid":{"rendered":"https:\/\/evotek.md\/?post_type=product&#038;p=5931"},"modified":"2020-12-10T14:52:52","modified_gmt":"2020-12-10T14:52:52","slug":"cazan-pentru-gatit-pe-gaz-emp-ktg-250","status":"publish","type":"product","link":"https:\/\/evotek.md\/ro\/produse\/echipamente-termice\/cazane-pentru-gatit\/cazan-pentru-gatit-pe-gaz-emp-ktg-250\/","title":{"rendered":"CAZAN PENTRU G\u0102TIT PE GAZ 250 L -EMP.KTG.250"},"content":{"rendered":"<p><strong>CAZAN PENTRU G\u0102TIT PE GAZ 250 L<\/strong> <strong>-EMP.KTG.250- <\/strong>Cazan pentru g\u0103tit pe gaz, cu un volum de 250 l, este proiectat pentru prepararea supelor, felul trei, fierberea apei, la \u00eentreprinderile de alimenta\u021bie public\u0103. Poate fi utilizat independent sau ca parte a liniilor tehnologice.<\/p>\n<p>Caracteristicile<\/p>\n<p>Produc\u0103tor: Empero, Turcia<\/p>\n<p>Tip: Basculare manual\u0103<\/p>\n<p>Conexiune: gaz<\/p>\n<p>Capacitate: 250 L<\/p>\n<p>Seria 900.<\/p>\n<p>Putere: 25 kW.<\/p>\n<p>Consumul de gaze naturale: 2,6 m3 \/ h.<\/p>\n<p>Consumul de gaz lichefiat: 1,9 kg \/ h.<\/p>\n<p>Termocuplu cu supap\u0103 de siguran\u021b\u0103 \u0219i termostat magnetic.<\/p>\n<p>Mecanism de ridicare manual.<\/p>\n<p>Senzor de securitate.<\/p>\n<p>Capac cu contragreutate.<\/p>\n<p>Carcasa este din inox.<\/p>\n<p>Dimensiuni: 1200x900x850 mm.<\/p>\n<p>Greutate: 250 kg.<\/p>\n<p>&nbsp;<\/p>\n","protected":false},"excerpt":{"rendered":"<p>Cazan pentru g\u0103tit pe gaz, cu un volum de 250 l. Produc\u0103tor: Empero, Turcia; Tip: Basculare manual\u0103; Conexiune: gaz; Seria 900; Putere: 25 Kw; Consumul de gaze naturale: 2,6 m3 \/ h; Consumul de gaz lichefiat: 1,9 kg \/ h; Termocuplu cu supap\u0103 de siguran\u021b\u0103 \u0219i termostat magnetic; Mecanism de ridicare manual; Senzor de securitate; Capac cu contragreutate; Carcasa este din inox; Dimensiuni: 1200x900x850 mm; Greutate: 250 kg.<\/p>\n<p>&nbsp;<\/p>\n","protected":false},"featured_media":5927,"template":"","meta":[],"_links":{"self":[{"href":"https:\/\/evotek.md\/ro\/wp-json\/wp\/v2\/product\/5931"}],"collection":[{"href":"https:\/\/evotek.md\/ro\/wp-json\/wp\/v2\/product"}],"about":[{"href":"https:\/\/evotek.md\/ro\/wp-json\/wp\/v2\/types\/product"}],"wp:featuredmedia":[{"embeddable":true,"href":"https:\/\/evotek.md\/ro\/wp-json\/wp\/v2\/media\/5927"}],"wp:attachment":[{"href":"https:\/\/evotek.md\/ro\/wp-json\/wp\/v2\/media?parent=5931"}],"curies":[{"name":"wp","href":"https:\/\/api.w.org\/{rel}","templated":true}]}}