{"id":5915,"date":"2020-03-26T15:37:21","date_gmt":"2020-03-26T15:37:21","guid":{"rendered":"https:\/\/evotek.md\/?post_type=product&#038;p=5915"},"modified":"2021-11-02T10:40:22","modified_gmt":"2021-11-02T10:40:22","slug":"statia-barmanului-sb-st-1530-550","status":"publish","type":"product","link":"https:\/\/evotek.md\/ro\/produse\/mobila-din-inox\/statie-barman-2\/statia-barmanului-sb-st-1530-550\/","title":{"rendered":"STA\u021aIE BARMAN -SB-ST-1530-550"},"content":{"rendered":"<p><strong>STA\u021aIE BARMAN -SB-ST-1530-550-<\/strong> <span style=\"color: #555555\">Sta\u021biile barman sunt realizate din o\u021bel inoxidabil alimentar \u0219i echipate cu sistemul \u201eSpeed \u200b\u200b\u200b\u200brack\u201d (loc pentru sticle cu b\u0103uturi). Toate compartimentele rezervorului principal pot fi reglate cu deflectoare reglabile. Termoizola\u021bia instalat\u0103 pe rezervorul principal men\u021bine ghea\u021ba pe toat\u0103 durata turei. Forma special\u0103 a fundului rezervorului principal asigur\u0103 o scurgere neobstruc\u0163ionat\u0103 \u00een sistemul de canalizare a apei topite.<\/span><\/p>\n<div>Sta\u021bia barman poate fi fabricat\u0103 cu: un suport pentru un agitator sau blender, o chiuvet\u0103, ma\u0219in\u0103 de sp\u0103lat pahare, rezervor frigorific pentru sucuri, ghea\u021b\u0103 \u0219i recipiente gastronormice pentru fructe feliate, gaur\u0103 pentru eliminarea direct\u0103 a de\u0219eurilor, toc\u0103toare, sta\u021bie fresh.<\/div>\n<div><\/div>\n<div>Caracteristici<\/div>\n<p>Parametri (l\/l\/a): 1530x790x850 mm<br \/>\nDimensiuni f\u0103r\u0103 \u0219in\u0103 de suspendare: 1530x550x850 mm<br \/>\nGreutate: 58,5 kg<br \/>\nRecipiente gastronomice pentru fructe feliate: GH 1\/9, h100 &#8211; 5 buc.<br \/>\nRecipient de ghea\u021b\u0103 cu un compartiment deta\u0219abil: 540\u0445310\u0445240 (40 litri) (v\u0103 permite s\u0103 utiliza\u021bi dou\u0103 tipuri de ghea\u021b\u0103)<br \/>\nCasetele pentru suc au un compartiment deta\u0219abil &#8211; 4 buc<br \/>\nRaft &#8211; depozitare b\u0103uturi alcoolice L = 960 &#8211; 2 bucati<\/p>\n","protected":false},"excerpt":{"rendered":"<p><span style=\"color: #555555\">Sta\u021biile barman. <\/span>Parametri (l\/l\/a): 1530x790x850 mm; Dimensiuni f\u0103r\u0103 \u0219in\u0103 de suspendare: 1530x550x850 mm; Greutate: 58,5 kg; Recipiente gastronomice pentru fructe feliate: GH 1\/9, h100 &#8211; 5 buc.; Recipient de ghea\u021b\u0103 cu un compartiment deta\u0219abil: 540\u0445310\u0445240 (40 litri) (v\u0103 permite s\u0103 utiliza\u021bi dou\u0103 tipuri de ghea\u021b\u0103); Casetele pentru suc au un compartiment deta\u0219abil &#8211; 4 buc; Raft &#8211; depozitare b\u0103uturi alcoolice L = 960 &#8211; 2 bucati.<\/p>\n","protected":false},"featured_media":5914,"template":"","meta":[],"_links":{"self":[{"href":"https:\/\/evotek.md\/ro\/wp-json\/wp\/v2\/product\/5915"}],"collection":[{"href":"https:\/\/evotek.md\/ro\/wp-json\/wp\/v2\/product"}],"about":[{"href":"https:\/\/evotek.md\/ro\/wp-json\/wp\/v2\/types\/product"}],"wp:featuredmedia":[{"embeddable":true,"href":"https:\/\/evotek.md\/ro\/wp-json\/wp\/v2\/media\/5914"}],"wp:attachment":[{"href":"https:\/\/evotek.md\/ro\/wp-json\/wp\/v2\/media?parent=5915"}],"curies":[{"name":"wp","href":"https:\/\/api.w.org\/{rel}","templated":true}]}}