{"id":5910,"date":"2020-03-26T15:33:42","date_gmt":"2020-03-26T15:33:42","guid":{"rendered":"https:\/\/evotek.md\/?post_type=product&#038;p=5910"},"modified":"2021-11-01T15:27:47","modified_gmt":"2021-11-01T15:27:47","slug":"statia-barmanului-sb-m-1600-550","status":"publish","type":"product","link":"https:\/\/evotek.md\/ro\/produse\/mobila-din-inox\/statie-barman-2\/statia-barmanului-sb-m-1600-550\/","title":{"rendered":"STA\u021aIE BARMAN -SB-M-1600-550"},"content":{"rendered":"<div><strong>STA\u021aIE BARMAN -SB-M-1600-550- <\/strong><span style=\"color: #555555\">Sta\u021biile barman sunt realizate din o\u021bel inoxidabil alimentar \u0219i echipate cu sistemul \u201eSpeed \u200b\u200b\u200b\u200brack\u201d (loc pentru sticle cu b\u0103uturi). Toate compartimentele rezervorului principal pot fi reglate cu deflectoare reglabile. Termoizola\u021bia instalat\u0103 pe rezervorul principal men\u021bine ghea\u021ba pe toat\u0103 durata turei. Forma special\u0103 a fundului rezervorului principal asigur\u0103 o scurgere neobstruc\u0163ionat\u0103 \u00een sistemul de canalizare a apei topite.<\/span><\/div>\n<div><\/div>\n<div>Sta\u021bia barman poate fi fabricat\u0103 cu: un suport pentru un agitator sau blender, o chiuvet\u0103, ma\u0219in\u0103 de sp\u0103lat pahare, rezervor frigorific pentru sucuri, ghea\u021b\u0103 \u0219i recipiente gastronormice pentru fructe feliate, gaur\u0103 pentru eliminarea direct\u0103 a de\u0219eurilor, toc\u0103toare, sta\u021bie fresh.<\/div>\n<div><\/div>\n<div>Caracteristici<\/div>\n<div>Num\u0103rul de chiuvete: 1<\/div>\n<div>Ad\u00e2ncimea chiuvetei: 250 mm<\/div>\n<div>Materialul carcasei: inox (\u021beav\u0103 30&#215;30 mm)<\/div>\n<div>Dimensiuni: 1600x550x850 mm<\/div>\n<div>Greutate: 82,0 kg<\/div>\n<div>\n<div>Containere gastronomice pentru feliere: GH 1\/9, h 100 &#8211; 5 buc\u0103\u021bi<\/div>\n<div>Container pentru ghea\u021b\u0103: 540\u0445310\u0445240 (40l.)<\/div>\n<div>Are chiuvet\u0103 \u0219i raft pentru blender<\/div>\n<\/div>\n<div><\/div>\n<div>Dimensiunile \u0219i echiparea sta\u021biei de bar pot fi proiectate individual.<\/div>\n","protected":false},"excerpt":{"rendered":"<div>Sta\u021bie barman. Num\u0103rul de chiuvete: 1; Ad\u00e2ncimea chiuvetei: 250 mm; Materialul carcasei: inox (\u021beav\u0103 30&#215;30 mm); Dimensiuni: 1600x550x850 mm; Greutate: 82,0 kg.<\/div>\n<p>Dimensiunile \u0219i echiparea sta\u021biei de bar poate fi proiectat\u0103 individual dup\u0103 cerin\u021bele clientului.<\/p>\n<p>&nbsp;<\/p>\n","protected":false},"featured_media":5909,"template":"","meta":[],"_links":{"self":[{"href":"https:\/\/evotek.md\/ro\/wp-json\/wp\/v2\/product\/5910"}],"collection":[{"href":"https:\/\/evotek.md\/ro\/wp-json\/wp\/v2\/product"}],"about":[{"href":"https:\/\/evotek.md\/ro\/wp-json\/wp\/v2\/types\/product"}],"wp:featuredmedia":[{"embeddable":true,"href":"https:\/\/evotek.md\/ro\/wp-json\/wp\/v2\/media\/5909"}],"wp:attachment":[{"href":"https:\/\/evotek.md\/ro\/wp-json\/wp\/v2\/media?parent=5910"}],"curies":[{"name":"wp","href":"https:\/\/api.w.org\/{rel}","templated":true}]}}