{"id":5905,"date":"2020-03-26T15:14:15","date_gmt":"2020-03-26T15:15:28","guid":{"rendered":"https:\/\/evotek.md\/?post_type=product&#038;p=5905"},"modified":"2023-03-02T09:17:55","modified_gmt":"2023-03-02T09:17:55","slug":"tigaie-basculanta-pe-gaz-emp-dtg-120","status":"publish","type":"product","link":"https:\/\/evotek.md\/ro\/produse\/echipamente-termice\/tigaie-basculanta\/tigaie-basculanta-pe-gaz-emp-dtg-120\/","title":{"rendered":"TIGAIE BASCULANTA PE GAZ, 120 LITRI -EMP.DTG.120"},"content":{"rendered":"<p><strong>TIGAIE BASCULANTA PE GAZ, 120 LITRI -EMP.DTG.120- <\/strong>Tigaie basculant\u0103 pe gaz cu un volum de 120 l, este utilizat\u0103 pentru pr\u0103jirea, \u00een\u0103bu\u0219irea, c\u0103rnii, pe\u0219telui, legumelelor \u0219i altor produse \u00een unit\u0103\u021bile de alimenta\u021bie public\u0103.<\/p>\n<p>Caracteristici<\/p>\n<p>Produc\u0103tor: Empero, Turcia<\/p>\n<p>Conexiune: gaz<\/p>\n<p>Capacitate: 120 L<\/p>\n<p>Seria 900.<\/p>\n<p>Putere: 30 kW.<\/p>\n<p>Consumul de gaze naturale: 1,1 m3 \/ h.<\/p>\n<p>Consumul de gaz lichefiat: 0,8 kg \/ h.<\/p>\n<p>Termocuplu cu supap\u0103 de siguran\u021b\u0103 \u0219i termostat magnetic.<\/p>\n<p>Mecanism de ridicare manual.<\/p>\n<p>Senzor de securitate.<\/p>\n<p>Capac cu contragreutate.<\/p>\n<p>Carcasa este din inox.<\/p>\n<p>Dimensiuni: 1200x900x850 mm.<\/p>\n<p>Greutate: 215 kg.<\/p>\n<p>&nbsp;<\/p>\n","protected":false},"excerpt":{"rendered":"<p>Tigaie basculant\u0103 pe gaz cu un volum de 120 l. Conexiune: gaz; Seria 900; Putere: 30 Kw; Consumul de gaze naturale: 1,1 m3 \/ h; Consumul de gaz lichefiat: 0,8 kg \/ h; Termocuplu cu supap\u0103 de siguran\u021b\u0103 \u0219i termostat magnetic; Mecanism de ridicare manual; Senzor de securitate; Capac cu contragreutate; Carcasa este din inox; Dimensiuni: 1200x900x850 mm; Greutate: 215 kg.<\/p>\n","protected":false},"featured_media":5904,"template":"","meta":[],"_links":{"self":[{"href":"https:\/\/evotek.md\/ro\/wp-json\/wp\/v2\/product\/5905"}],"collection":[{"href":"https:\/\/evotek.md\/ro\/wp-json\/wp\/v2\/product"}],"about":[{"href":"https:\/\/evotek.md\/ro\/wp-json\/wp\/v2\/types\/product"}],"wp:featuredmedia":[{"embeddable":true,"href":"https:\/\/evotek.md\/ro\/wp-json\/wp\/v2\/media\/5904"}],"wp:attachment":[{"href":"https:\/\/evotek.md\/ro\/wp-json\/wp\/v2\/media?parent=5905"}],"curies":[{"name":"wp","href":"https:\/\/api.w.org\/{rel}","templated":true}]}}