{"id":5898,"date":"2020-03-26T15:06:47","date_gmt":"2020-03-26T15:07:28","guid":{"rendered":"https:\/\/evotek.md\/?post_type=product&#038;p=5898"},"modified":"2023-03-02T08:31:26","modified_gmt":"2023-03-02T08:31:26","slug":"tigaie-basculanta-emp-dte-120","status":"publish","type":"product","link":"https:\/\/evotek.md\/ro\/produse\/echipamente-termice\/tigaie-basculanta\/tigaie-basculanta-emp-dte-120\/","title":{"rendered":"TIGAIE BASCULANTA ELECTRICA, 120 LITRI -EMP.DTE.120"},"content":{"rendered":"<p><strong>TIGAIE BASCULANTA ELECTRICA, 120 LITRI -EMP.DTE.120- \u00a0<\/strong>Tigaie basculant\u0103 electric\u0103 cu un volum de 120 l, este utilizat\u0103 pentru pr\u0103jirea, \u00een\u0103bu\u0219irea, c\u0103rnii, pe\u0219telui, legumelelor \u0219i altor produse \u00een unit\u0103\u021bile de alimenta\u021bie public\u0103.<\/p>\n<p>Caracteristici<\/p>\n<p>Produc\u0103tor: Empero, Turcia<\/p>\n<p>Capacitate: 120 L<\/p>\n<p>Conexiune: 380 V<\/p>\n<p>Seria 900.<\/p>\n<p>Putere: 12 kW.<\/p>\n<p>Tensiune: 380 V.<\/p>\n<p>Termocuplu cu supap\u0103 de siguran\u021b\u0103 \u0219i termostat magnetic.<\/p>\n<p>Mecanism de ridicare manual.<\/p>\n<p>Senzor de securitate.<\/p>\n<p>Capac cu contragreutate.<\/p>\n<p>Carcasa este din inox.<\/p>\n<p>Dimensiuni: 1200x900x850 mm.<\/p>\n<p>Greutate: 208 kg.<\/p>\n<p>&nbsp;<\/p>\n","protected":false},"excerpt":{"rendered":"<p>Tigaie basculant\u0103 electric\u0103 cu un volum de 120 l. Conexiune: 380 V; Seria 900; Putere: 12 Kw; Tensiune: 380 V; Termocuplu cu supap\u0103 de siguran\u021b\u0103 \u0219i termostat magnetic; Mecanism de ridicare manual; Senzor de securitate; Capac cu contragreutate; Carcasa este din inox; Dimensiuni: 1200x900x850 mm; Greutate: 208 kg.<\/p>\n<p>&nbsp;<\/p>\n","protected":false},"featured_media":5897,"template":"","meta":[],"_links":{"self":[{"href":"https:\/\/evotek.md\/ro\/wp-json\/wp\/v2\/product\/5898"}],"collection":[{"href":"https:\/\/evotek.md\/ro\/wp-json\/wp\/v2\/product"}],"about":[{"href":"https:\/\/evotek.md\/ro\/wp-json\/wp\/v2\/types\/product"}],"wp:featuredmedia":[{"embeddable":true,"href":"https:\/\/evotek.md\/ro\/wp-json\/wp\/v2\/media\/5897"}],"wp:attachment":[{"href":"https:\/\/evotek.md\/ro\/wp-json\/wp\/v2\/media?parent=5898"}],"curies":[{"name":"wp","href":"https:\/\/api.w.org\/{rel}","templated":true}]}}