{"id":5888,"date":"2020-03-26T14:48:15","date_gmt":"2020-03-26T14:49:21","guid":{"rendered":"https:\/\/evotek.md\/?post_type=product&#038;p=5888"},"modified":"2023-03-02T09:15:47","modified_gmt":"2023-03-02T09:15:47","slug":"tigaie-basculanta-emp-dte-80","status":"publish","type":"product","link":"https:\/\/evotek.md\/ro\/produse\/echipamente-termice\/tigaie-basculanta\/tigaie-basculanta-emp-dte-80\/","title":{"rendered":"TIGAIE BASCULANTA ELECTRICA, 80 LITRI -EMP.DTE.80"},"content":{"rendered":"<p><strong>TIGAIE BASCULANTA ELECTRICA, 80 LITRI -EMP.DTE.80- <\/strong>Tigaie basculant\u0103 electric\u0103 cu un volum de 80 l, este utilizat\u0103 pentru pr\u0103jirea, \u00een\u0103bu\u0219irea, c\u0103rnii, pe\u0219telui, legumelelor \u0219i altor produse \u00een unit\u0103\u021bile de alimenta\u021bie public\u0103.<\/p>\n<p>Caracteristici<\/p>\n<p>Produc\u0103tor: Empero, Turcia<\/p>\n<p>Capacitate: 80 L<\/p>\n<p>Conexiune: 380 V<\/p>\n<p>Seria 900.<\/p>\n<p>Putere: 12 kW.<\/p>\n<p>Tensiune: 380 V.<\/p>\n<p>Termocuplu cu supap\u0103 de siguran\u021b\u0103 \u0219i termostat magnetic.<\/p>\n<p>Mecanism de ridicare manual.<\/p>\n<p>Senzor de securitate.<\/p>\n<p>Capac cu contragreutate.<\/p>\n<p>Carcasa este din o\u021bel inoxidabil.<\/p>\n<p>Dimensiuni: 800x900x850 mm.<\/p>\n<p>Greutate: 138 kg.<\/p>\n<p>&nbsp;<\/p>\n","protected":false},"excerpt":{"rendered":"<p>Tigaie basculant\u0103 electric\u0103 cu un volum de 80 l. Conexiune: 380 V; Seria 900; Putere: 12 Kw; Tensiune: 380 V; Termocuplu cu supap\u0103 de siguran\u021b\u0103 \u0219i termostat magnetic; Mecanism de ridicare manual; Senzor de securitate; Capac cu contragreutate; Carcasa este din o\u021bel inoxidabil; Dimensiuni: 800x900x850 mm; Greutate: 138 kg.<\/p>\n","protected":false},"featured_media":5884,"template":"","meta":[],"_links":{"self":[{"href":"https:\/\/evotek.md\/ro\/wp-json\/wp\/v2\/product\/5888"}],"collection":[{"href":"https:\/\/evotek.md\/ro\/wp-json\/wp\/v2\/product"}],"about":[{"href":"https:\/\/evotek.md\/ro\/wp-json\/wp\/v2\/types\/product"}],"wp:featuredmedia":[{"embeddable":true,"href":"https:\/\/evotek.md\/ro\/wp-json\/wp\/v2\/media\/5884"}],"wp:attachment":[{"href":"https:\/\/evotek.md\/ro\/wp-json\/wp\/v2\/media?parent=5888"}],"curies":[{"name":"wp","href":"https:\/\/api.w.org\/{rel}","templated":true}]}}