{"id":5879,"date":"2020-03-26T14:37:43","date_gmt":"2020-03-26T14:38:51","guid":{"rendered":"https:\/\/evotek.md\/?post_type=product&#038;p=5879"},"modified":"2023-03-02T08:30:51","modified_gmt":"2023-03-02T08:30:51","slug":"tigaie-basculanta-pe-gaz-emp-dtg-50","status":"publish","type":"product","link":"https:\/\/evotek.md\/ro\/produse\/echipamente-termice\/tigaie-basculanta\/tigaie-basculanta-pe-gaz-emp-dtg-50\/","title":{"rendered":"\u00a0TIGAIE BASCULANTA PE GAZ, 50 LITRI -EMP.DTG.50"},"content":{"rendered":"<p><strong>\u00a0TIGAIE BASCULANTA PE GAZ, 50 LITRI -EMP.DTG.50- <\/strong>Tigaie basculant\u0103 pe gaz cu un volum de 50 l, este utilizat\u0103 pentru pr\u0103jirea, \u00een\u0103bu\u0219irea, c\u0103rnii, pe\u0219telui, legumelelor \u0219i altor produse \u00een unit\u0103\u021bile de alimenta\u021bie public\u0103.<\/p>\n<p>Caracteristici<\/p>\n<p>Produc\u0103tor: Empero, Turcia<\/p>\n<p>Conexiune: gaz<\/p>\n<p>Capacitate: 50 L<\/p>\n<p>Putere: 13 kW.<\/p>\n<p>Consumul de gaze naturale: 0,8 m3 \/ h.<\/p>\n<p>Consumul de gaz lichefiat: 0,6 kg \/ h.<\/p>\n<p>Termocuplu cu supap\u0103 de siguran\u021b\u0103 \u0219i termostat magnetic.<\/p>\n<p>Mecanism de ridicare manual.<\/p>\n<p>Senzor de securitate.<\/p>\n<p>Capac cu contragreutate.<\/p>\n<p>Carcasa este din inox.<\/p>\n<p>Dimensiuni: 800x730x285 mm.<\/p>\n<p>Greutate: 125 kg.<\/p>\n<p>&nbsp;<\/p>\n","protected":false},"excerpt":{"rendered":"<p>Tigaie basculant\u0103 pe gaz cu un volum de 50 l. Conexiune: gaz; Putere: 13 kW; Consumul de gaze naturale: 0,8 m3 \/ h; Consumul de gaz lichefiat: 0,6 kg \/ h; Termocuplu cu supap\u0103 de siguran\u021b\u0103 \u0219i termostat magnetic; Mecanism de ridicare manual; Senzor de securitate; Capac cu contragreutate; Carcasa este din inox; Dimensiuni: 800x730x285 mm; Greutate: 125 kg.<\/p>\n","protected":false},"featured_media":5878,"template":"","meta":[],"_links":{"self":[{"href":"https:\/\/evotek.md\/ro\/wp-json\/wp\/v2\/product\/5879"}],"collection":[{"href":"https:\/\/evotek.md\/ro\/wp-json\/wp\/v2\/product"}],"about":[{"href":"https:\/\/evotek.md\/ro\/wp-json\/wp\/v2\/types\/product"}],"wp:featuredmedia":[{"embeddable":true,"href":"https:\/\/evotek.md\/ro\/wp-json\/wp\/v2\/media\/5878"}],"wp:attachment":[{"href":"https:\/\/evotek.md\/ro\/wp-json\/wp\/v2\/media?parent=5879"}],"curies":[{"name":"wp","href":"https:\/\/api.w.org\/{rel}","templated":true}]}}