{"id":5875,"date":"2020-03-26T14:26:48","date_gmt":"2020-03-26T14:26:48","guid":{"rendered":"https:\/\/evotek.md\/?post_type=product&#038;p=5875"},"modified":"2021-11-02T11:13:58","modified_gmt":"2021-11-02T11:13:58","slug":"statia-barmanului-sb-m-1430-550","status":"publish","type":"product","link":"https:\/\/evotek.md\/ro\/produse\/mobila-din-inox\/statie-barman-2\/statia-barmanului-sb-m-1430-550\/","title":{"rendered":"STA\u021aIE BARMAN -SB-M-1430-550"},"content":{"rendered":"<div><span style=\"color: #555555\"><strong>STA\u021aIE BARMAN -SB-M-1430-550-<\/strong> Sta\u021biile barman sunt realizate din o\u021bel inoxidabil alimentar \u0219i echipate cu sistemul \u201eSpeed \u200b\u200b\u200b\u200brack\u201d (loc pentru sticle cu b\u0103uturi). Toate compartimentele rezervorului principal pot fi reglate cu deflectoare reglabile. Termoizola\u021bia instalat\u0103 pe rezervorul principal men\u021bine ghea\u021ba pe toat\u0103 durata turei. Forma special\u0103 a fundului rezervorului principal asigur\u0103 o scurgere neobstruc\u0163ionat\u0103 \u00een sistemul de canalizare a apei topite.<\/span><\/div>\n<div>Sta\u021bia barman poate fi fabricat\u0103 cu: un suport pentru un agitator sau blender, o chiuvet\u0103, ma\u0219in\u0103 de sp\u0103lat pahare, rezervor frigorific pentru sucuri, ghea\u021b\u0103 \u0219i recipiente gastronormice pentru fructe feliate, gaur\u0103 pentru eliminarea direct\u0103 a de\u0219eurilor, toc\u0103toare, sta\u021bie fresh.<\/div>\n<div><\/div>\n<p>Caracteristici<br \/>\nParametri(l\/l\/A): 1430x790x850 mm<br \/>\nPrezen\u021ba chiuvetei<br \/>\nGreutate: 48 kg<br \/>\nRecipiente gastronormice pentru fructe feliate: GH 1\/9, h100 &#8211; 4 buc.<br \/>\nRecipient pentru ghea\u021b\u0103: 460x260x240 (30 litri) cu un compartiment deta\u0219abil (v\u0103 permite s\u0103 utiliza\u021bi dou\u0103 tipuri de ghea\u021b\u0103)<br \/>\nCasetele pentru sucuri cu desp\u0103r\u021bitor deta\u0219abil &#8211; 6 buc.<br \/>\nRaft &#8211; unitate pentru b\u0103uturi alcoolice L = 960 &#8211; 2 buc<\/p>\n<p>Dimensiunile \u0219i echiparea sta\u021biei de bar pot fi proiectate individual.<\/p>\n","protected":false},"excerpt":{"rendered":"<p><span style=\"color: #555555\">Sta\u021biile barman. <\/span>Parametri(l\/l\/A): 1430x790x850 mm; Prezen\u021ba chiuvetei; Greutate: 48 kg; Recipiente gastronormice pentru fructe feliate: GH 1\/9, h100 &#8211; 4 buc.; Recipient pentru ghea\u021b\u0103: 460x260x240 (30 litri) cu un compartiment deta\u0219abil (v\u0103 permite s\u0103 utiliza\u021bi dou\u0103 tipuri de ghea\u021b\u0103); Casetele pentru sucuri cu desp\u0103r\u021bitor deta\u0219abil &#8211; 6 buc.; Raft &#8211; unitate pentru b\u0103uturi alcoolice L = 960 &#8211; 2 buc.<\/p>\n<p>Dimensiunile \u0219i echiparea sta\u021biei de bar poate fi proiectat\u0103 individual dup\u0103 cerin\u021bele clientului.<\/p>\n","protected":false},"featured_media":26090,"template":"","meta":[],"_links":{"self":[{"href":"https:\/\/evotek.md\/ro\/wp-json\/wp\/v2\/product\/5875"}],"collection":[{"href":"https:\/\/evotek.md\/ro\/wp-json\/wp\/v2\/product"}],"about":[{"href":"https:\/\/evotek.md\/ro\/wp-json\/wp\/v2\/types\/product"}],"wp:featuredmedia":[{"embeddable":true,"href":"https:\/\/evotek.md\/ro\/wp-json\/wp\/v2\/media\/26090"}],"wp:attachment":[{"href":"https:\/\/evotek.md\/ro\/wp-json\/wp\/v2\/media?parent=5875"}],"curies":[{"name":"wp","href":"https:\/\/api.w.org\/{rel}","templated":true}]}}