{"id":5864,"date":"2020-03-26T14:23:17","date_gmt":"2020-03-26T14:23:17","guid":{"rendered":"https:\/\/evotek.md\/?post_type=product&#038;p=5864"},"modified":"2021-11-02T12:27:49","modified_gmt":"2021-11-02T12:27:49","slug":"statia-barmanului-sb-1250-500","status":"publish","type":"product","link":"https:\/\/evotek.md\/ro\/produse\/mobila-din-inox\/statie-barman-2\/statia-barmanului-sb-1250-500\/","title":{"rendered":"STA\u021aIE BARMAN -SB-1200-550"},"content":{"rendered":"<div><strong>STA\u021aIE BARMAN -SB-1200-550-<\/strong> Sta\u021biile barman sunt realizate din o\u021bel inoxidabil alimentar \u0219i echipate cu sistemul \u201eSpeed \u200b\u200b\u200b\u200brack\u201d (loc pentru sticle cu b\u0103uturi). Toate compartimentele rezervorului principal pot fi reglate cu deflectoare reglabile. Termoizola\u021bia instalat\u0103 pe rezervorul principal men\u021bine ghea\u021ba pe toat\u0103 durata turei. Forma special\u0103 a fundului rezervorului principal asigur\u0103 o scurgere neobstruc\u0163ionat\u0103 \u00een sistemul de canalizare a apei topite.<\/div>\n<div>Sta\u021bia barman poate fi fabricat\u0103 cu: un suport pentru un agitator sau blender, o chiuvet\u0103, ma\u0219in\u0103 de sp\u0103lat pahare, rezervor frigorific pentru sucuri, ghea\u021b\u0103 \u0219i recipiente gastronormice pentru fructe feliate, gaur\u0103 pentru eliminarea direct\u0103 a de\u0219eurilor, toc\u0103toare, sta\u021bie fresh.<\/div>\n<div><\/div>\n<div>Caracteristici<\/div>\n<p>Parametri (l\/l\/a): 1200x790x850 mm<br \/>\nCapacitate pentru ghea\u021b\u0103 460x260x240 (30l.)<br \/>\nGreutate: 46,4 kg<br \/>\nCasetele pentru sucuri au un desp\u0103r\u021bitor deta\u0219abil &#8211; 6 buc.<br \/>\nRaft &#8211; depozitare bauturi alcoolice L = 960 &#8211; 2 buc.<\/p>\n<p>Dimensiunile \u0219i dotarea sta\u021biei de bar pot fi proiectate individual.<\/p>\n","protected":false},"excerpt":{"rendered":"<p>Sta\u021bie barman. Lungime: 1250 mm. Latime: 500 mm. Lungimea raftului de lucru pentru b\u0103uturile alcoolice: 960mm &#8211; 1 buc. Dimensiunile \u0219i echiparea sta\u021biei de bar poate fi proiectat\u0103 individual dup\u0103 cerin\u021bele clientului.<\/p>\n","protected":false},"featured_media":26098,"template":"","meta":[],"_links":{"self":[{"href":"https:\/\/evotek.md\/ro\/wp-json\/wp\/v2\/product\/5864"}],"collection":[{"href":"https:\/\/evotek.md\/ro\/wp-json\/wp\/v2\/product"}],"about":[{"href":"https:\/\/evotek.md\/ro\/wp-json\/wp\/v2\/types\/product"}],"wp:featuredmedia":[{"embeddable":true,"href":"https:\/\/evotek.md\/ro\/wp-json\/wp\/v2\/media\/26098"}],"wp:attachment":[{"href":"https:\/\/evotek.md\/ro\/wp-json\/wp\/v2\/media?parent=5864"}],"curies":[{"name":"wp","href":"https:\/\/api.w.org\/{rel}","templated":true}]}}