{"id":5857,"date":"2020-03-26T14:17:33","date_gmt":"2020-03-26T14:17:33","guid":{"rendered":"https:\/\/evotek.md\/?post_type=product&#038;p=5857"},"modified":"2021-11-02T12:45:49","modified_gmt":"2021-11-02T12:45:49","slug":"statia-barmanului-sb-1030-550","status":"publish","type":"product","link":"https:\/\/evotek.md\/ro\/produse\/mobila-din-inox\/statie-barman-2\/statia-barmanului-sb-1030-550\/","title":{"rendered":"STA\u021aIE BARMAN -SB-1030-550"},"content":{"rendered":"<p><strong>STA\u021aIE BARMAN -SB-1030-550-<\/strong>Sta\u021biile barman sunt realizate din o\u021bel inoxidabil alimentar \u0219i echipate cu sistemul \u201eSpeed \u200b\u200b\u200b\u200brack\u201d (loc pentru sticle cu b\u0103uturi). Toate compartimentele rezervorului principal pot fi reglate cu deflectoare reglabile. Termoizola\u021bia instalat\u0103 pe rezervorul principal men\u021bine ghea\u021ba pe toat\u0103 durata turei. Forma special\u0103 a fundului rezervorului principal asigur\u0103 o scurgere neobstruc\u0163ionat\u0103 \u00een sistemul de canalizare a apei topite.<\/p>\n<p>Caracteristici<\/p>\n<p>Parametri (l\/l\/a): 1030x790x850 mm<br \/>\nDimensiuni f\u0103r\u0103 \u0219in\u0103 de suspendare (l\/l\/a): 1030x550x850 mm<br \/>\nGreutate: 41,4 kg<\/p>\n<p>*Dimensiunile \u0219i dotarea sta\u021biei de bar pot fi proiectate individual.<\/p>\n","protected":false},"excerpt":{"rendered":"<p>Sta\u021bie barman. Parametri (l\/l\/a): 1030x790x850 mm; Dimensiuni f\u0103r\u0103 \u0219in\u0103 de suspendare (l\/l\/a): 1030x550x850 mm; Greutate: 41,4 kg.<\/p>\n","protected":false},"featured_media":5855,"template":"","meta":[],"_links":{"self":[{"href":"https:\/\/evotek.md\/ro\/wp-json\/wp\/v2\/product\/5857"}],"collection":[{"href":"https:\/\/evotek.md\/ro\/wp-json\/wp\/v2\/product"}],"about":[{"href":"https:\/\/evotek.md\/ro\/wp-json\/wp\/v2\/types\/product"}],"wp:featuredmedia":[{"embeddable":true,"href":"https:\/\/evotek.md\/ro\/wp-json\/wp\/v2\/media\/5855"}],"wp:attachment":[{"href":"https:\/\/evotek.md\/ro\/wp-json\/wp\/v2\/media?parent=5857"}],"curies":[{"name":"wp","href":"https:\/\/api.w.org\/{rel}","templated":true}]}}