{"id":5856,"date":"2020-03-26T14:12:53","date_gmt":"2020-03-26T14:23:04","guid":{"rendered":"https:\/\/evotek.md\/?post_type=product&#038;p=5856"},"modified":"2023-03-02T09:13:15","modified_gmt":"2023-03-02T09:13:15","slug":"tigaie-basculanta-emp-dte-50","status":"publish","type":"product","link":"https:\/\/evotek.md\/ro\/produse\/echipamente-termice\/tigaie-basculanta\/tigaie-basculanta-emp-dte-50\/","title":{"rendered":"\u00a0TIGAIE BASCULANTA ELECTRICA, 50 LITRI -EMP.DTE.50"},"content":{"rendered":"<p><strong>\u00a0TIGAIE BASCULANTA ELECTRICA, 50 LITRI -EMP.DTE.50- <\/strong>Tigaie basculant\u0103 cu un volum de 50 de litri este utilizat\u0103 pentru pr\u0103jirea, \u00een\u0103bu\u0219irea, c\u0103rnii, pe\u0219telui, legumelelor \u0219i altor produse \u00een unit\u0103\u021bile de alimenta\u021bie public\u0103.<\/p>\n<p>Caracteristici<\/p>\n<p>Produc\u0103tor: Empero, Turcia<\/p>\n<p>Capacitate: 50 L<\/p>\n<p>Conexiune: 380 V<\/p>\n<p>Putere: 9 kW.<\/p>\n<p>Tensiune: 380 V.<\/p>\n<p>Termocuplu cu supap\u0103 de siguran\u021b\u0103 \u0219i termostat magnetic.<\/p>\n<p>Mecanism de ridicare manual.<\/p>\n<p>Senzor de securitate.<\/p>\n<p>Capac cu contragreutate.<\/p>\n<p>Carcasa este din inox.<\/p>\n<p>Dimensiuni: 800x730x285 mm.<\/p>\n<p>Greutate: 138 kg.<\/p>\n<p>&nbsp;<\/p>\n","protected":false},"excerpt":{"rendered":"<p>Tigaie basculant\u0103 cu un volum de 50 de litri. Conexiune: 380 V; Putere: 9 kW; Tensiune: 380 V; Termocuplu cu supap\u0103 de siguran\u021b\u0103 \u0219i termostat magnetic; Mecanism de ridicare manual; Senzor de securitate; Capac cu contragreutate; Carcasa este din inox; Dimensiuni: 800x730x285 mm; Greutate: 138 kg.<\/p>\n","protected":false},"featured_media":5848,"template":"","meta":[],"_links":{"self":[{"href":"https:\/\/evotek.md\/ro\/wp-json\/wp\/v2\/product\/5856"}],"collection":[{"href":"https:\/\/evotek.md\/ro\/wp-json\/wp\/v2\/product"}],"about":[{"href":"https:\/\/evotek.md\/ro\/wp-json\/wp\/v2\/types\/product"}],"wp:featuredmedia":[{"embeddable":true,"href":"https:\/\/evotek.md\/ro\/wp-json\/wp\/v2\/media\/5848"}],"wp:attachment":[{"href":"https:\/\/evotek.md\/ro\/wp-json\/wp\/v2\/media?parent=5856"}],"curies":[{"name":"wp","href":"https:\/\/api.w.org\/{rel}","templated":true}]}}