{"id":5837,"date":"2020-03-26T13:38:51","date_gmt":"2020-03-26T13:38:51","guid":{"rendered":"https:\/\/evotek.md\/?post_type=product&#038;p=5837"},"modified":"2022-01-25T09:50:44","modified_gmt":"2022-01-25T09:50:44","slug":"suport-pentru-tocatoare-300%d1%85270%d1%85270-mm","status":"publish","type":"product","link":"https:\/\/evotek.md\/ro\/produse\/accesorii-si-inventar-bucatarie\/tocatoare-pentru-bucatarie\/suport-pentru-tocatoare-300%d1%85270%d1%85270-mm\/","title":{"rendered":"SUPORT PENTRU TOC\u0102TOARE 300\u0445270\u0445270 mm -ST-349060"},"content":{"rendered":"<p><strong>SUPORT PENTRU TOC\u0102TOARE 300\u0445270\u0445270 mm -ST-349060- <\/strong>Suport de \u00eenalt\u0103 calitate \u0219i profesional pentru toc\u0103toare, este utilizat pe scar\u0103 larg\u0103 \u00een buc\u0103t\u0103riile restaurantelor \u0219i a altor unit\u0103\u021bilor de alimenta\u021bie public\u0103. Este fabricat din inox, cu dimensiunea de 300x270x270, proiectat pentru 6 toc\u0103toare.<\/p>\n<p>&nbsp;<\/p>\n<p>&nbsp;<\/p>\n","protected":false},"excerpt":{"rendered":"<p>Suportul pentru toc\u0103toare, din inox, proiectat pentru 6 toc\u0103toare cu dimensiunea de 300x270x270.<\/p>\n","protected":false},"featured_media":5835,"template":"","meta":[],"_links":{"self":[{"href":"https:\/\/evotek.md\/ro\/wp-json\/wp\/v2\/product\/5837"}],"collection":[{"href":"https:\/\/evotek.md\/ro\/wp-json\/wp\/v2\/product"}],"about":[{"href":"https:\/\/evotek.md\/ro\/wp-json\/wp\/v2\/types\/product"}],"wp:featuredmedia":[{"embeddable":true,"href":"https:\/\/evotek.md\/ro\/wp-json\/wp\/v2\/media\/5835"}],"wp:attachment":[{"href":"https:\/\/evotek.md\/ro\/wp-json\/wp\/v2\/media?parent=5837"}],"curies":[{"name":"wp","href":"https:\/\/api.w.org\/{rel}","templated":true}]}}