{"id":5597,"date":"2020-03-25T21:23:50","date_gmt":"2020-03-25T21:23:50","guid":{"rendered":"https:\/\/evotek.md\/?post_type=product&#038;p=5597"},"modified":"2021-09-13T14:47:22","modified_gmt":"2021-09-13T14:47:22","slug":"dedurizator-de-apa-12-l","status":"publish","type":"product","link":"https:\/\/evotek.md\/ro\/produse\/accesorii-si-inventar-bucatarie\/filtre-pentru-apa-dva\/dedurizator-de-apa-12-l\/","title":{"rendered":"DEDURIZATOR DE AP\u0102 12 L -ST-820121"},"content":{"rendered":"<p><strong>DEDURIZATOR DE AP\u0102 12 L -ST-820121-<\/strong> este utilizat concomitent cu ma\u0219inile de ghea\u021b\u0103, fierb\u0103toare, ma\u0219inile de cafea, ma\u0219inile de sp\u0103lat vase \u0219i alte echipamente de buc\u0103t\u0103rie din industria alimentar\u0103 \u0219i comer\u021b. Modelul con\u021bine o r\u0103\u0219in\u0103 sintetic\u0103 ionic\u0103 care neutralizeaz\u0103 ionii de magneziu \u0219i calciu \u0219i apoi \u00eei \u00eenlocuie\u0219te cu ioni de sodiu. Dedurizatorul de ap\u0103 se folose\u0219te pentru purificarea apei. Acesta func\u021bioneaz\u0103 prin eliminarea din ap\u0103 a s\u0103rurilor de calciu \u0219i de magneziu care dau apei duritate.<\/p>\n<p>Caracteristici<\/p>\n<p>Volum: 12 L<\/p>\n<p>Dimensiuni: 260x260x700 mm<\/p>\n<p>Greutate: 11 kg<\/p>\n<p>&nbsp;<\/p>\n","protected":false},"excerpt":{"rendered":"<p>Dedurizator de ap\u0103 de 12 l. Dimensiuni: 260x260x700 mm; Greutate: 11 kg.<\/p>\n","protected":false},"featured_media":5576,"template":"","meta":[],"_links":{"self":[{"href":"https:\/\/evotek.md\/ro\/wp-json\/wp\/v2\/product\/5597"}],"collection":[{"href":"https:\/\/evotek.md\/ro\/wp-json\/wp\/v2\/product"}],"about":[{"href":"https:\/\/evotek.md\/ro\/wp-json\/wp\/v2\/types\/product"}],"wp:featuredmedia":[{"embeddable":true,"href":"https:\/\/evotek.md\/ro\/wp-json\/wp\/v2\/media\/5576"}],"wp:attachment":[{"href":"https:\/\/evotek.md\/ro\/wp-json\/wp\/v2\/media?parent=5597"}],"curies":[{"name":"wp","href":"https:\/\/api.w.org\/{rel}","templated":true}]}}