{"id":5566,"date":"2020-03-25T11:01:56","date_gmt":"2020-03-25T11:01:56","guid":{"rendered":"https:\/\/evotek.md\/?post_type=product&#038;p=5566"},"modified":"2021-06-01T11:49:18","modified_gmt":"2021-06-01T11:49:18","slug":"suport-magnetic-pentru-cutite-330-mm-249338","status":"publish","type":"product","link":"https:\/\/evotek.md\/ro\/produse\/accesorii-si-inventar-bucatarie\/suport-magnetic-pentru-cutite\/suport-magnetic-pentru-cutite-330-mm-249338\/","title":{"rendered":"SUPORT MAGNETIC PENTRU CU\u021aITE 330 mm ST-249338"},"content":{"rendered":"<p><strong>SUPORT MAGNETIC PENTRU CU\u021aITE <\/strong><strong>330 <\/strong><strong>mm<\/strong> <strong>ST-<\/strong><strong>249338<\/strong><strong>&#8211; <\/strong>Cu\u021bitele sunt fixate \u00een siguran\u021b\u0103 pe suport cu ajutorul magne\u021bilor \u0219i pl\u0103cilor de o\u021bel magnetizate \u00eencorporate \u00eentr-o carcas\u0103 din plastic.<\/p>\n<p>&nbsp;<\/p>\n","protected":false},"excerpt":{"rendered":"<p>Suport magnetic pentru cu\u021bite cu lungimea de 330 mm.<\/p>\n","protected":false},"featured_media":5565,"template":"","meta":[],"_links":{"self":[{"href":"https:\/\/evotek.md\/ro\/wp-json\/wp\/v2\/product\/5566"}],"collection":[{"href":"https:\/\/evotek.md\/ro\/wp-json\/wp\/v2\/product"}],"about":[{"href":"https:\/\/evotek.md\/ro\/wp-json\/wp\/v2\/types\/product"}],"wp:featuredmedia":[{"embeddable":true,"href":"https:\/\/evotek.md\/ro\/wp-json\/wp\/v2\/media\/5565"}],"wp:attachment":[{"href":"https:\/\/evotek.md\/ro\/wp-json\/wp\/v2\/media?parent=5566"}],"curies":[{"name":"wp","href":"https:\/\/api.w.org\/{rel}","templated":true}]}}