{"id":5558,"date":"2020-03-25T10:56:37","date_gmt":"2020-03-25T10:56:37","guid":{"rendered":"https:\/\/evotek.md\/?post_type=product&#038;p=5558"},"modified":"2022-02-07T12:31:48","modified_gmt":"2022-02-07T12:31:48","slug":"spatula-cu-maner-din-lemn-110%d1%85220-mm-503220","status":"publish","type":"product","link":"https:\/\/evotek.md\/ro\/produse\/accesorii-si-inventar-bucatarie\/spatula\/spatula-cu-maner-din-lemn-110%d1%85220-mm-503220\/","title":{"rendered":"SPATUL\u0102 DIN INOX CU M\u00c2NER DIN LEMN 110\u0445220 MM ST-503220"},"content":{"rendered":"<p><strong>SPATUL\u0102 DIN INOX CU M\u00c2NER DIN LEMN 110\u0445220 MM ST-503220- <\/strong>unul dintre elementele principale ale ustensilelor de buc\u0103t\u0103rie care pot simplifica mult munca. O spatul\u0103 cu m\u00e2ner din lemn este perfect\u0103 pentru a forma pr\u0103jituri \u0219i buc\u0103\u021bi de tort, servind deserturi, gust\u0103ri, \u0219i aranjarea lor pe mas\u0103. Elementul \u00een sine este realizat din inox, rezistent la temperaturi extreme \u0219i func\u021bionare frecvent\u0103.<\/p>\n<p>&nbsp;<\/p>\n","protected":false},"excerpt":{"rendered":"<p>Spatul\u0103 cu m\u00e2ner din lemn, cu m\u0103rimea 110\u0445220 mm.<\/p>\n","protected":false},"featured_media":5555,"template":"","meta":[],"_links":{"self":[{"href":"https:\/\/evotek.md\/ro\/wp-json\/wp\/v2\/product\/5558"}],"collection":[{"href":"https:\/\/evotek.md\/ro\/wp-json\/wp\/v2\/product"}],"about":[{"href":"https:\/\/evotek.md\/ro\/wp-json\/wp\/v2\/types\/product"}],"wp:featuredmedia":[{"embeddable":true,"href":"https:\/\/evotek.md\/ro\/wp-json\/wp\/v2\/media\/5555"}],"wp:attachment":[{"href":"https:\/\/evotek.md\/ro\/wp-json\/wp\/v2\/media?parent=5558"}],"curies":[{"name":"wp","href":"https:\/\/api.w.org\/{rel}","templated":true}]}}