{"id":5548,"date":"2020-03-25T10:52:10","date_gmt":"2020-03-25T10:52:52","guid":{"rendered":"https:\/\/evotek.md\/?post_type=product&#038;p=5548"},"modified":"2022-12-19T13:34:54","modified_gmt":"2022-12-19T13:34:54","slug":"dispenser-pentru-sos-700-ml-alb-65723","status":"publish","type":"product","link":"https:\/\/evotek.md\/ro\/produse\/accesorii-si-inventar-bucatarie\/dispenser-pentru-sosuri\/dispenser-pentru-sos-700-ml-alb-65723\/","title":{"rendered":"DISPENSER PENTRU SOS 700 ml, ALB -ST-065723"},"content":{"rendered":"<p><strong>DISPENSER PENTRU SOS 700 ml, ALB -ST-065723- <\/strong>acestea sunt sticle speciale pentru mu\u0219tar, maionez\u0103, ketchup \u0219i alte sosuri clasice preferate, care pot rezista la p\u0103strare pe termen lung, f\u0103r\u0103 a-\u0219i pierde gustul. Recipientele sunt fabricate din plastic alimentar, ce nu pot avea un efect negativ asupra sosului. \u00cen plus, un astfel de plastic este ideal \u00een ceea ce prive\u0219te func\u021bionalitatea sticlei \u0219i u\u0219urin\u021ba sa. Este foarte convenabil \u0219i u\u0219or de utilizat.<\/p>\n<p>Caracteristici<\/p>\n<p>Volum: 700 ml<\/p>\n<p>\u00cen\u0103l\u021bime: 240 mm<\/p>\n<p>Diametru: 70mm<\/p>\n<p>Din plastic alimentar<\/p>\n<p>Produc\u0103tor: Stalgast, Polonia<\/p>\n<p>&nbsp;<\/p>\n<p>&nbsp;<\/p>\n","protected":false},"excerpt":{"rendered":"<p>Dispenser pentru sos cu volumul de 700 ml. \u00cen\u0103l\u021bime: 240 mm; Diametru: 70mm; Din plastic alimentar; Produc\u0103tor: Stalgast, Polonia.<\/p>\n","protected":false},"featured_media":5531,"template":"","meta":[],"_links":{"self":[{"href":"https:\/\/evotek.md\/ro\/wp-json\/wp\/v2\/product\/5548"}],"collection":[{"href":"https:\/\/evotek.md\/ro\/wp-json\/wp\/v2\/product"}],"about":[{"href":"https:\/\/evotek.md\/ro\/wp-json\/wp\/v2\/types\/product"}],"wp:featuredmedia":[{"embeddable":true,"href":"https:\/\/evotek.md\/ro\/wp-json\/wp\/v2\/media\/5531"}],"wp:attachment":[{"href":"https:\/\/evotek.md\/ro\/wp-json\/wp\/v2\/media?parent=5548"}],"curies":[{"name":"wp","href":"https:\/\/api.w.org\/{rel}","templated":true}]}}