{"id":5490,"date":"2020-03-24T15:46:35","date_gmt":"2020-03-24T15:47:27","guid":{"rendered":"https:\/\/evotek.md\/?post_type=product&#038;p=5490"},"modified":"2023-02-07T15:47:35","modified_gmt":"2023-02-07T15:47:35","slug":"m-09300480","status":"publish","type":"product","link":"https:\/\/evotek.md\/ro\/produse\/echipamente-electromecanice\/masina-de-curatat-cartofi\/m-09300480\/","title":{"rendered":"MASINA DE CURATAT CARTOFI 30 kg (230 V) -M-09300480"},"content":{"rendered":"<p><strong>MASINA DE CURATAT CARTOFI 30 kg (230 V) -M-09300480- <\/strong>Aceasta este o ma\u0219in\u0103 de curatat profesional\u0103 de 60 kg. Acest aparat este protejat \u00eempotriva alunec\u0103rii cu patru picioare de cauciuc. Cu aceast\u0103 ma\u0219in\u0103 de cur\u0103\u021bat profesional\u0103, pute\u021bi cur\u0103\u021ba nu numai cartofii, ci \u0219i morcovii. Dup\u0103 cum pute\u021bi vedea, \u00eentotdeauna exist\u0103 cineva mai bun. Acela\u0219i lucru este valabil \u0219i pentru ma\u0219ina de decojit Maxima MPP 30. Are o capacitate de 600 kg pe or\u0103, \u00een timp ce alte ma\u0219ini de decojit Maxima MPP au o capacitate de 160 \u0219i 300 kg pe or\u0103. Deci, exist\u0103 \u00eentotdeauna un tip care se va potrivi nevoilor dumneavoastr\u0103.<\/p>\n<p>Caracteristici<br \/>\nMa\u0219in\u0103 profesional\u0103 de curatat<br \/>\nPotrivit pentru cartofi \u0219i morcovi<br \/>\nCorp si vas din o\u021bel inoxidabil<br \/>\nDesign simplu \u0219i de \u00eencredere<br \/>\nPlac\u0103 abraziv\u0103 robust\u0103 cu design special<br \/>\nPere\u021bii laterali acoperi\u021bi cu material abraziv<br \/>\nPrevazut cu racord de apa<br \/>\nUn canal de scurgere pentru ap\u0103 \u0219i de\u0219euri<br \/>\n2-3 minute pe ciclu<br \/>\nCapacitate de umplere 30 kg &#8211; 600 kg pe or\u0103<br \/>\nSt\u0103 pe patru picioare de cauciuc<br \/>\nUsor de curatat<br \/>\nGreutate neta: 80 kg<br \/>\nDimensiuni: H970 x L530 x D530 mm<br \/>\nConexiune: 230 V \/ 50 Hz \/ 1 faza 1500 W<\/p>\n<p>&nbsp;<\/p>\n","protected":false},"excerpt":{"rendered":"<p>Ma\u0219in\u0103 de cut\u0103\u021bat cartofi cu productivitatea de 30 kg-600 kg pe or\u0103. Dimensiuni: 530x530x970 mm; 2-3 minute pentru un ciclu; Conexiune: 230 V \/ 50 Hz \/ 1 faz\u0103 1500 W; Greutate net\u0103: 60 kg.<\/p>\n","protected":false},"featured_media":5479,"template":"","meta":[],"_links":{"self":[{"href":"https:\/\/evotek.md\/ro\/wp-json\/wp\/v2\/product\/5490"}],"collection":[{"href":"https:\/\/evotek.md\/ro\/wp-json\/wp\/v2\/product"}],"about":[{"href":"https:\/\/evotek.md\/ro\/wp-json\/wp\/v2\/types\/product"}],"wp:featuredmedia":[{"embeddable":true,"href":"https:\/\/evotek.md\/ro\/wp-json\/wp\/v2\/media\/5479"}],"wp:attachment":[{"href":"https:\/\/evotek.md\/ro\/wp-json\/wp\/v2\/media?parent=5490"}],"curies":[{"name":"wp","href":"https:\/\/api.w.org\/{rel}","templated":true}]}}