{"id":5472,"date":"2020-03-24T15:35:15","date_gmt":"2020-03-24T15:35:57","guid":{"rendered":"https:\/\/evotek.md\/?post_type=product&#038;p=5472"},"modified":"2023-02-07T15:45:22","modified_gmt":"2023-02-07T15:45:22","slug":"masina-de-curatat-cartofi-mpp-15-m-09300475","status":"publish","type":"product","link":"https:\/\/evotek.md\/ro\/produse\/echipamente-electromecanice\/masina-de-curatat-cartofi\/masina-de-curatat-cartofi-mpp-15-m-09300475\/","title":{"rendered":"MASINA DE CURATAT CARTOFI 15 kg (230 V) -M-09300475"},"content":{"rendered":"<p><strong>MASINA DE CURATAT CARTOFI 15 kg (230 V) -M-09300475- <\/strong>Aceasta este o ma\u0219in\u0103 profesional\u0103 de cur\u0103\u021bat cartofi, cu carcasa \u0219i recipientul din inox. Cu ajutorul ei pute\u021bi cur\u0103\u021ba u\u0219or cartofii, morcovii \u0219i sfecla. Aceast\u0103 ma\u0219in\u0103 v\u0103 permite s\u0103 economisi\u021bi timpul c\u00e2nd g\u0103ti\u021bi. Ea este u\u0219or de cur\u0103\u021bat, acest lucru se datoreaz\u0103 \u00een mare m\u0103sur\u0103 pl\u0103cii de exfoliere u\u0219or deta\u0219abile. \u00cen plus, st\u0103 pe patru picioare de cauciuc, deci este protejat\u0103 impotriva alunec\u0103rii \u00een timpul lucrului.<\/p>\n<p>Caracteristici<\/p>\n<p>Dimensiuni: 460x460x820 mm<\/p>\n<p>2-3 minute pentru un ciclu<\/p>\n<p>Productivitate: 15 kg-300 kg pe or\u0103<\/p>\n<p>Conexiune: 230 V \/ 50 Hz \/ 1 faz\u0103 750 W<\/p>\n<p>Greutate net\u0103: 53 kg<\/p>\n<p>&nbsp;<\/p>\n<p>&nbsp;<\/p>\n","protected":false},"excerpt":{"rendered":"<p>Ma\u0219in\u0103 de cut\u0103\u021bat cartofi cu productivitatea de 15 kg-300 kg pe or\u0103. Dimensiuni: 460x460x820 mm; 2-3 minute pentru un ciclu; Conexiune: 230 V \/ 50 Hz \/ 1 faz\u0103 750 W; Greutate net\u0103: 53 kg.<\/p>\n<p>&nbsp;<\/p>\n","protected":false},"featured_media":5458,"template":"","meta":[],"_links":{"self":[{"href":"https:\/\/evotek.md\/ro\/wp-json\/wp\/v2\/product\/5472"}],"collection":[{"href":"https:\/\/evotek.md\/ro\/wp-json\/wp\/v2\/product"}],"about":[{"href":"https:\/\/evotek.md\/ro\/wp-json\/wp\/v2\/types\/product"}],"wp:featuredmedia":[{"embeddable":true,"href":"https:\/\/evotek.md\/ro\/wp-json\/wp\/v2\/media\/5458"}],"wp:attachment":[{"href":"https:\/\/evotek.md\/ro\/wp-json\/wp\/v2\/media?parent=5472"}],"curies":[{"name":"wp","href":"https:\/\/api.w.org\/{rel}","templated":true}]}}