{"id":5453,"date":"2020-03-24T14:49:31","date_gmt":"2020-03-24T14:49:31","guid":{"rendered":"https:\/\/evotek.md\/?post_type=product&#038;p=5453"},"modified":"2020-03-24T14:49:31","modified_gmt":"2020-03-24T14:49:31","slug":"grill-cu-abur-pe-gaz-vg1270g-700","status":"publish","type":"product","link":"https:\/\/evotek.md\/ro\/produse\/echipamente-pentru-fast-food\/grill-cu-abur\/grill-cu-abur-pe-gaz-vg1270g-700\/","title":{"rendered":"GRILL CU ABUR PE GAZ &#8211; VG1270G 700"},"content":{"rendered":"<p><strong>GRILL CU ABUR PE GAZ &#8211; VG1270G 700-<\/strong> se folose\u0219te la \u00eentreprinderile de alimenta\u021bie public\u0103 \u0219i comer\u021b pentru pr\u0103jirea c\u0103rnii, pe\u0219tilor \u0219i legumelor. Un recipient cu ap\u0103 v\u0103 permite s\u0103 g\u0103ti\u021bi cu umidificare cu aburi. Func\u021bioneaz\u0103 at\u00e2t pe gaz natural, c\u00e2t \u0219i pe lichefiat; Supape magnetice de siguran\u021b\u0103; Recipient demontabil cu ulei; U\u0219or de cur\u0103\u021bat \u0219i de \u00eengrijit suprafe\u021bele.<\/p>\n<p>Caracteristici<\/p>\n<p>Parametri: 120x70x29 mm<\/p>\n<p>Putere: 21 kW<\/p>\n<p>Consumul de gaz natural: m3 \/ hour-2,178<\/p>\n<p>Consumul de gaz propan: kg \/ or\u0103-0,627<\/p>\n<p>Greutate: 116 kg<\/p>\n<p>&nbsp;<\/p>\n","protected":false},"excerpt":{"rendered":"<p>Grill cu abur pe gaz cu trei zone de \u00eenc\u0103lzire. Parametri: 120x70x29 mm; Putere: 21 Kw; Consumul de gaz natural: m3 \/ hour-2,178; Consumul de gaz propan: kg \/ or\u0103-0,627; Greutate: 116 kg.<\/p>\n<p>&nbsp;<\/p>\n","protected":false},"featured_media":5452,"template":"","meta":[],"_links":{"self":[{"href":"https:\/\/evotek.md\/ro\/wp-json\/wp\/v2\/product\/5453"}],"collection":[{"href":"https:\/\/evotek.md\/ro\/wp-json\/wp\/v2\/product"}],"about":[{"href":"https:\/\/evotek.md\/ro\/wp-json\/wp\/v2\/types\/product"}],"wp:featuredmedia":[{"embeddable":true,"href":"https:\/\/evotek.md\/ro\/wp-json\/wp\/v2\/media\/5452"}],"wp:attachment":[{"href":"https:\/\/evotek.md\/ro\/wp-json\/wp\/v2\/media?parent=5453"}],"curies":[{"name":"wp","href":"https:\/\/api.w.org\/{rel}","templated":true}]}}