{"id":5448,"date":"2020-03-24T14:41:16","date_gmt":"2020-03-24T14:41:16","guid":{"rendered":"https:\/\/evotek.md\/?post_type=product&#038;p=5448"},"modified":"2020-03-24T14:41:16","modified_gmt":"2020-03-24T14:41:16","slug":"grill-cu-abur-pe-gaz-vg8070g-700","status":"publish","type":"product","link":"https:\/\/evotek.md\/ro\/produse\/echipamente-pentru-fast-food\/grill-cu-abur\/grill-cu-abur-pe-gaz-vg8070g-700\/","title":{"rendered":"GRILL CU ABUR PE GAZ &#8211; VG8070G 700"},"content":{"rendered":"<p><strong>GRILL CU ABUR PE GAZ &#8211; VG8070G 700-<\/strong> se folose\u0219te la \u00eentreprinderile de alimenta\u021bie public\u0103 \u0219i comer\u021b pentru pr\u0103jirea c\u0103rnii, pe\u0219tilor \u0219i legumelor. Un recipient cu ap\u0103 v\u0103 permite s\u0103 g\u0103ti\u021bi cu umidificare cu aburi. Func\u021bioneaz\u0103 at\u00e2t pe gaz natural, c\u00e2t \u0219i pe lichefiat; Supape magnetice de siguran\u021b\u0103; Recipient demontabil cu ulei; U\u0219or de cur\u0103\u021bat \u0219i de \u00eengrijit suprafe\u021bele.<\/p>\n<p>Caracteristici<\/p>\n<p>Parametri: 80x70x29 mm<\/p>\n<p>Putere: 14 kW<\/p>\n<p>Consumul de gaz natural: m3 \/ hour-1,452<\/p>\n<p>Consumul de gaz propan: kg \/ or\u0103-0,418<\/p>\n<p>Greutate: 76 kg<\/p>\n<p>&nbsp;<\/p>\n<p>&nbsp;<\/p>\n","protected":false},"excerpt":{"rendered":"<p>Grill cu abur pe gaz cu du\u0103 zone de \u00eenc\u0103lzire. Parametri: 80x70x29; Putere: 14 Kw; Consumul de gaz natural: m3 \/ hour-1,452; Consumul de gaz propan: kg \/ or\u0103-0,418; Greutate: 76 kg.<\/p>\n","protected":false},"featured_media":5447,"template":"","meta":[],"_links":{"self":[{"href":"https:\/\/evotek.md\/ro\/wp-json\/wp\/v2\/product\/5448"}],"collection":[{"href":"https:\/\/evotek.md\/ro\/wp-json\/wp\/v2\/product"}],"about":[{"href":"https:\/\/evotek.md\/ro\/wp-json\/wp\/v2\/types\/product"}],"wp:featuredmedia":[{"embeddable":true,"href":"https:\/\/evotek.md\/ro\/wp-json\/wp\/v2\/media\/5447"}],"wp:attachment":[{"href":"https:\/\/evotek.md\/ro\/wp-json\/wp\/v2\/media?parent=5448"}],"curies":[{"name":"wp","href":"https:\/\/api.w.org\/{rel}","templated":true}]}}