{"id":5438,"date":"2020-03-24T14:16:34","date_gmt":"2020-03-24T14:16:34","guid":{"rendered":"https:\/\/evotek.md\/?post_type=product&#038;p=5438"},"modified":"2020-03-24T14:16:53","modified_gmt":"2020-03-24T14:16:53","slug":"grill-lava-pe-gaz-lg1270g-700","status":"publish","type":"product","link":"https:\/\/evotek.md\/ro\/produse\/echipamente-termice\/grill-lava-2-2\/grill-lava-pe-gaz-lg1270g-700\/","title":{"rendered":"GRILL LAVA PE GAZ \u2013 LG1270G 700"},"content":{"rendered":"<p><strong>GRILL LAVA PE GAZ \u2013<\/strong> <strong>LG1270G 700<\/strong>&#8211; este utilizat la \u00eentreprinderile de alimenta\u021bie public\u0103 \u0219i comer\u021b pentru pr\u0103jirea c\u0103rnii, pe\u0219tilor \u0219i a legumelor. Func\u021bioneaz\u0103 at\u00e2t pe gaz natural, c\u00e2t \u0219i pe propan; Are supape magnetice de siguran\u021b\u0103; Recipient demontabil cu ulei; U\u0219or de cur\u0103\u021bat \u0219i de \u00eengrijit suprafe\u021bele; Carcasa este din inox.<\/p>\n<p>Caracteristici<\/p>\n<p>Parametri: 120x70x29 mm<\/p>\n<p>Consumul de gaze naturale: m3 \/ hour- 2,850<\/p>\n<p>Consumul de gaz propan: kg \/ or\u0103-0,850<\/p>\n<p>Putere: 27 kW<\/p>\n<p>Greutate: 136 kg<\/p>\n<p>&nbsp;<\/p>\n","protected":false},"excerpt":{"rendered":"<p>Lava grill pe gaz cu trei zone de \u00eenc\u0103lzire. Parametri: 120x70x29 mm; Consumul de gaze naturale: m3 \/ hour-2,850; Consumul de gaz propan: kg \/ or\u0103-0,850; Putere: 27 kW; Greutate: 136 kg.<\/p>\n<p>&nbsp;<\/p>\n","protected":false},"featured_media":5437,"template":"","meta":[],"_links":{"self":[{"href":"https:\/\/evotek.md\/ro\/wp-json\/wp\/v2\/product\/5438"}],"collection":[{"href":"https:\/\/evotek.md\/ro\/wp-json\/wp\/v2\/product"}],"about":[{"href":"https:\/\/evotek.md\/ro\/wp-json\/wp\/v2\/types\/product"}],"wp:featuredmedia":[{"embeddable":true,"href":"https:\/\/evotek.md\/ro\/wp-json\/wp\/v2\/media\/5437"}],"wp:attachment":[{"href":"https:\/\/evotek.md\/ro\/wp-json\/wp\/v2\/media?parent=5438"}],"curies":[{"name":"wp","href":"https:\/\/api.w.org\/{rel}","templated":true}]}}