{"id":5420,"date":"2020-03-24T13:49:14","date_gmt":"2020-03-24T13:49:14","guid":{"rendered":"https:\/\/evotek.md\/?post_type=product&#038;p=5420"},"modified":"2020-03-24T13:49:15","modified_gmt":"2020-03-24T13:49:15","slug":"grill-lava-pe-gaz-lg6060g-600","status":"publish","type":"product","link":"https:\/\/evotek.md\/ro\/produse\/echipamente-termice\/grill-lava-2-2\/grill-lava-pe-gaz-lg6060g-600\/","title":{"rendered":"GRILL LAVA PE GAZ \u2013 LG6060G 600"},"content":{"rendered":"<p><strong>GRILL LAVA PE GAZ \u2013<\/strong> <strong>LG6060G 600<\/strong>&#8211; este utilizat la \u00eentreprinderile de alimenta\u021bie public\u0103 \u0219i comer\u021b pentru pr\u0103jirea c\u0103rnii, pe\u0219tilor \u0219i a legumelor. Func\u021bioneaz\u0103 at\u00e2t pe gaz natural, c\u00e2t \u0219i pe propan; Are supape magnetice de siguran\u021b\u0103; Recipient demontabil cu ulei; U\u0219or de cur\u0103\u021bat \u0219i de \u00eengrijit suprafe\u021bele; Carcasa este din inox.<\/p>\n<p>Caracteristici<\/p>\n<p>Parametri: 60x60x29 mm<\/p>\n<p>Consumul de gaze naturale: m3 \/ hour-1,460<\/p>\n<p>Consumul de gaz propan: kg \/ or\u0103-0,422<\/p>\n<p>Putere: 14 kW<\/p>\n<p>Greutate: 73 kg<\/p>\n<p>&nbsp;<\/p>\n","protected":false},"excerpt":{"rendered":"<p>Lava grill pe gaz cu dou\u0103 zone de \u00eenc\u0103lzire. Parametri: 60x60x29 mm; Consumul de gaze naturale: m3 \/ hour-1,460; Consumul de gaz propan: kg \/ or\u0103-0,422; Putere: 14 kW; Greutate: 73 kg.<\/p>\n","protected":false},"featured_media":5419,"template":"","meta":[],"_links":{"self":[{"href":"https:\/\/evotek.md\/ro\/wp-json\/wp\/v2\/product\/5420"}],"collection":[{"href":"https:\/\/evotek.md\/ro\/wp-json\/wp\/v2\/product"}],"about":[{"href":"https:\/\/evotek.md\/ro\/wp-json\/wp\/v2\/types\/product"}],"wp:featuredmedia":[{"embeddable":true,"href":"https:\/\/evotek.md\/ro\/wp-json\/wp\/v2\/media\/5419"}],"wp:attachment":[{"href":"https:\/\/evotek.md\/ro\/wp-json\/wp\/v2\/media?parent=5420"}],"curies":[{"name":"wp","href":"https:\/\/api.w.org\/{rel}","templated":true}]}}