{"id":5408,"date":"2020-03-23T20:30:12","date_gmt":"2020-03-23T20:31:04","guid":{"rendered":"https:\/\/evotek.md\/?post_type=product&#038;p=5408"},"modified":"2023-02-24T14:36:49","modified_gmt":"2023-02-24T14:36:49","slug":"m-09300495","status":"publish","type":"product","link":"https:\/\/evotek.md\/ro\/produse\/echipamente-electromecanice\/slicer\/m-09300495\/","title":{"rendered":"SLICER \u00d8 250 mm (felie 1-12 mm) -M-09300495"},"content":{"rendered":"<p><strong>SLICER \u00d8 250 mm (felie 1-12 mm) -M-09300495- <\/strong>Acest feliator profesional are o construc\u021bie solid\u0103 din aluminiu \u0219i un cu\u021bit din inox \u00eent\u0103rit cu diametrul de 250 mm. Feliatorul lucreaz\u0103 aproape selin\u021bios, datorit\u0103 mont\u0103rii \u00eenclinate acest dispozitiv este foarte u\u0219or de utilizat.<\/p>\n<p>Caracteristici<\/p>\n<p>Dimensiuni: 470x280x380 mm<\/p>\n<p>Putere: 230 V \/ 50 Hz \/ 1 faz\u0103 150 W<\/p>\n<p>Viteza lamei: 300 rpm<\/p>\n<p>Diametrul lamei: \u00d8 250 mm<\/p>\n<p>Greutate net\u0103: 14,3 kg<\/p>\n<p>Grosime de t\u0103iere reglabil\u0103 1-12 mm<\/p>\n<p>&nbsp;<\/p>\n","protected":false},"excerpt":{"rendered":"<p>Slicer un diametrul cu\u021bitului de 250 mm. Dimensiuni: 470x280x380 mm; Putere: 230 V \/ 50 Hz \/ 1 faz\u0103 150 W; Viteza lamei: 300 rpm; Diametrul lamei: \u00d8 250 mm; Greutate net\u0103: 14,3 kg; Grosime de t\u0103iere reglabil\u0103 1-12 mm.<\/p>\n","protected":false},"featured_media":5398,"template":"","meta":[],"_links":{"self":[{"href":"https:\/\/evotek.md\/ro\/wp-json\/wp\/v2\/product\/5408"}],"collection":[{"href":"https:\/\/evotek.md\/ro\/wp-json\/wp\/v2\/product"}],"about":[{"href":"https:\/\/evotek.md\/ro\/wp-json\/wp\/v2\/types\/product"}],"wp:featuredmedia":[{"embeddable":true,"href":"https:\/\/evotek.md\/ro\/wp-json\/wp\/v2\/media\/5398"}],"wp:attachment":[{"href":"https:\/\/evotek.md\/ro\/wp-json\/wp\/v2\/media?parent=5408"}],"curies":[{"name":"wp","href":"https:\/\/api.w.org\/{rel}","templated":true}]}}