{"id":5394,"date":"2020-03-23T20:05:59","date_gmt":"2020-03-23T20:07:25","guid":{"rendered":"https:\/\/evotek.md\/?post_type=product&#038;p=5394"},"modified":"2023-02-23T15:49:42","modified_gmt":"2023-02-23T15:49:42","slug":"cutter-9l-m-09300084","status":"publish","type":"product","link":"https:\/\/evotek.md\/ro\/produse\/echipamente-electromecanice\/cutter-profesional\/cutter-9l-m-09300084\/","title":{"rendered":"CUTTER 9 LITRI -M-09300084"},"content":{"rendered":"<p><strong>CUTTER 9 LITRI -M-09300084-<\/strong> Cu ajutorul lui pute\u021bi zdrobi nuci, biscuiti, ciocolat\u0103, s\u0103 toca\u021bi carne, \u0219i s\u0103 macina\u021bi orice produse. Op\u021biunea de control al vitezei permite zdrobirea produselor \u00een form\u0103 mare, medie, \u0219i m\u0103run\u021birea fin\u0103 (mus, sufleu, pateu). O caracteristic\u0103 de proiectare a acestui model este amplasarea lateral\u0103 a vasului, care evit\u0103 \u00eenc\u0103lzirea produsului de la motorul care func\u021bioneaz\u0103. Carcasa \u0219i interiorul este din inox; Reglare lin\u0103 a vitezei.<\/p>\n<p>Caracteristici<\/p>\n<p>Brand Maxima<\/p>\n<p>Parametri: 570x385x460 mm<\/p>\n<p>Capacitate bol: 9 L<\/p>\n<p>Putere: 230 V \/ 50 Hz \/ 1 faz\u0103 1,8 kW<\/p>\n<p>Greutate net\u0103: 21 kg<\/p>\n<p>Viteza variabil\u0103 1100 &#8211; 2800 rpm<\/p>\n<p>&nbsp;<\/p>\n","protected":false},"excerpt":{"rendered":"<p>Cutter mixer cu o capacitate de 9 litri. Parametri: 570x385x460 mm; Putere: 230 V \/ 50 Hz \/ 1 faz 950 W; Greutate net\u0103: 21 kg; Viteza variabil\u0103 1100 &#8211; 2800 rpm.<\/p>\n","protected":false},"featured_media":5393,"template":"","meta":[],"_links":{"self":[{"href":"https:\/\/evotek.md\/ro\/wp-json\/wp\/v2\/product\/5394"}],"collection":[{"href":"https:\/\/evotek.md\/ro\/wp-json\/wp\/v2\/product"}],"about":[{"href":"https:\/\/evotek.md\/ro\/wp-json\/wp\/v2\/types\/product"}],"wp:featuredmedia":[{"embeddable":true,"href":"https:\/\/evotek.md\/ro\/wp-json\/wp\/v2\/media\/5393"}],"wp:attachment":[{"href":"https:\/\/evotek.md\/ro\/wp-json\/wp\/v2\/media?parent=5394"}],"curies":[{"name":"wp","href":"https:\/\/api.w.org\/{rel}","templated":true}]}}