{"id":5337,"date":"2020-03-23T19:03:04","date_gmt":"2020-03-23T19:04:10","guid":{"rendered":"https:\/\/evotek.md\/?post_type=product&#038;p=5337"},"modified":"2023-03-09T09:52:53","modified_gmt":"2023-03-09T09:52:53","slug":"m-09300463","status":"publish","type":"product","link":"https:\/\/evotek.md\/ro\/produse\/echipamente-electromecanice\/masina-de-umplut-carnati\/m-09300463\/","title":{"rendered":"MASINA DE UMPLUT CARNATI, MANUALA, 10 LITRI (vertical) -M-09300463"},"content":{"rendered":"<p><strong>MASINA DE UMPLUT CARNATI, MANUALA, 10 LITRI (vertical) -M-09300463-<\/strong> Este destinat form\u0103rii c\u00e2rna\u021bilor folosind carne tocat\u0103 preparat\u0103. Toate elementele de baz\u0103 sunt fabricate din inox de \u00eenalt\u0103 calitate. Capacitatea recipientului pentru carne tocat\u0103, de asemenea din o\u021bel inoxidabil, este de 10 de litri. Dispozitivul include 4 duze cu diametrul: 16, 22, 32 \u0438 38 mm. Ideal pentru utilizarea \u00een hoteluri, restaurante, cantine \u0219i altele.<\/p>\n<p>Caracteristici<\/p>\n<p>Greutate net\u0103: 14 kg<br \/>\nDimensiuni cilindru: \u00d8219 x 270 mm<br \/>\nDiametru cilindru de ie\u0219ire: \u00d850mm<br \/>\nDimensiunile dispozitivului: H580 x W330 x D300 mm<\/p>\n","protected":false},"excerpt":{"rendered":"<p>Ma\u0219in\u0103 de umplut c\u00e2rna\u021bi, cu capacitatea recipientului pentru carne tocat\u0103 de 10 litri. Greutate net\u0103: 14 kg; Dimensiuni cilindru: \u00d8219 x 270 mm; Diametru cilindru de ie\u0219ire: \u00d850mm; Dimensiunile dispozitivului: H580 x W330 x D300 mm.<\/p>\n","protected":false},"featured_media":5326,"template":"","meta":[],"_links":{"self":[{"href":"https:\/\/evotek.md\/ro\/wp-json\/wp\/v2\/product\/5337"}],"collection":[{"href":"https:\/\/evotek.md\/ro\/wp-json\/wp\/v2\/product"}],"about":[{"href":"https:\/\/evotek.md\/ro\/wp-json\/wp\/v2\/types\/product"}],"wp:featuredmedia":[{"embeddable":true,"href":"https:\/\/evotek.md\/ro\/wp-json\/wp\/v2\/media\/5326"}],"wp:attachment":[{"href":"https:\/\/evotek.md\/ro\/wp-json\/wp\/v2\/media?parent=5337"}],"curies":[{"name":"wp","href":"https:\/\/api.w.org\/{rel}","templated":true}]}}