{"id":5298,"date":"2020-03-23T17:22:45","date_gmt":"2020-03-23T17:22:45","guid":{"rendered":"https:\/\/evotek.md\/?post_type=product&#038;p=5298"},"modified":"2020-03-23T17:22:45","modified_gmt":"2020-03-23T17:22:45","slug":"grill-cu-abur-pe-gaz-emp-9lg020-s","status":"publish","type":"product","link":"https:\/\/evotek.md\/ro\/produse\/echipamente-pentru-fast-food\/grill-cu-abur\/grill-cu-abur-pe-gaz-emp-9lg020-s\/","title":{"rendered":"GRILL CU ABUR PE GAZ -EMP.9LG020-S"},"content":{"rendered":"<p><strong>GRILL CU ABUR PE GAZ &#8211;<\/strong><strong>EMP.9LG020-S<\/strong>&#8211; este utilizat la \u00eentreprinderile de alimenta\u021bie public\u0103 \u0219i comer\u021b pentru pr\u0103jirea c\u0103rnii, pe\u0219tilor \u0219i a legumelor. Func\u021bioneaz\u0103 at\u00e2t pe gaz natural, c\u00e2t \u0219i pe lichefiat; Are supape magnetice de siguran\u021b\u0103; Recipient demontabil cu ulei; U\u0219or de cur\u0103\u021bat \u0219i de \u00eengrijit suprafe\u021bele; Carcasa este din inox.<\/p>\n<p>Caracteristici<\/p>\n<p>Parametri: 800x900x285<\/p>\n<p>Consumul de gaze naturale: m3 \/ hour-2,4<\/p>\n<p>Consumul de gaz lichefiat: kg \/ or\u0103-1,6<\/p>\n<p>Putere: 14 kW<\/p>\n<p>Greutate: 95 kg<\/p>\n<p>&nbsp;<\/p>\n","protected":false},"excerpt":{"rendered":"<p>Grill cu abur pe gaz cu patru zone de \u00eenc\u0103lzire. Parametri: 800x900x285; Consumul de gaze naturale: m3 \/ hour-2,4; Consumul de gaz lichefiat: kg \/ or\u0103-1,6; Putere: 14 kW; Greutate: 95 kg.<\/p>\n","protected":false},"featured_media":5297,"template":"","meta":[],"_links":{"self":[{"href":"https:\/\/evotek.md\/ro\/wp-json\/wp\/v2\/product\/5298"}],"collection":[{"href":"https:\/\/evotek.md\/ro\/wp-json\/wp\/v2\/product"}],"about":[{"href":"https:\/\/evotek.md\/ro\/wp-json\/wp\/v2\/types\/product"}],"wp:featuredmedia":[{"embeddable":true,"href":"https:\/\/evotek.md\/ro\/wp-json\/wp\/v2\/media\/5297"}],"wp:attachment":[{"href":"https:\/\/evotek.md\/ro\/wp-json\/wp\/v2\/media?parent=5298"}],"curies":[{"name":"wp","href":"https:\/\/api.w.org\/{rel}","templated":true}]}}