{"id":5283,"date":"2020-03-23T16:39:20","date_gmt":"2020-03-23T16:39:20","guid":{"rendered":"https:\/\/evotek.md\/?post_type=product&#038;p=5283"},"modified":"2020-03-23T16:44:49","modified_gmt":"2020-03-23T16:44:49","slug":"grill-lava-pe-gaz-emp-9lg010","status":"publish","type":"product","link":"https:\/\/evotek.md\/ro\/produse\/echipamente-termice\/grill-lava-2-2\/grill-lava-pe-gaz-emp-9lg010\/","title":{"rendered":"GRILL LAVA PE GAZ -EMP.9LG010"},"content":{"rendered":"<p><strong>GRILL LAVA PE GAZ &#8211;<\/strong><strong>EMP.9LG010<\/strong>&#8211; este utilizat la \u00eentreprinderile de alimenta\u021bie public\u0103 \u0219i comer\u021b pentru pr\u0103jirea c\u0103rnii, pe\u0219tilor \u0219i a legumelor. Func\u021bioneaz\u0103 at\u00e2t pe gaz natural, c\u00e2t \u0219i pe lichefiat; Are supape magnetice de siguran\u021b\u0103; Recipient demontabil cu ulei; U\u0219or de cur\u0103\u021bat \u0219i de \u00eengrijit suprafe\u021bele; Carcasa este din inox.<\/p>\n<p>Caracteristici<\/p>\n<p>Parametri: 400x900x285<\/p>\n<p>Consumul de gaze naturale: m3 \/ hour-0,9<\/p>\n<p>Consumul de gaz lichefiat: kg \/ or\u0103-0,7<\/p>\n<p>Putere: 10.30 kW<\/p>\n<p>Greutate: 50 kg<\/p>\n<p>&nbsp;<\/p>\n","protected":false},"excerpt":{"rendered":"<p>Lava grill pe gaz cu o zon\u0103 de \u00eenc\u0103lzire. Parametri: 400x900x285; Consumul de gaze naturale: m3 \/ hour-0,9; Consumul de gaz lichefiat: kg \/ or\u0103-0,7; Putere: 10.30 kW; Greutate: 50 kg.<\/p>\n","protected":false},"featured_media":5282,"template":"","meta":[],"_links":{"self":[{"href":"https:\/\/evotek.md\/ro\/wp-json\/wp\/v2\/product\/5283"}],"collection":[{"href":"https:\/\/evotek.md\/ro\/wp-json\/wp\/v2\/product"}],"about":[{"href":"https:\/\/evotek.md\/ro\/wp-json\/wp\/v2\/types\/product"}],"wp:featuredmedia":[{"embeddable":true,"href":"https:\/\/evotek.md\/ro\/wp-json\/wp\/v2\/media\/5282"}],"wp:attachment":[{"href":"https:\/\/evotek.md\/ro\/wp-json\/wp\/v2\/media?parent=5283"}],"curies":[{"name":"wp","href":"https:\/\/api.w.org\/{rel}","templated":true}]}}